{"id":3787,"date":"2023-05-01T11:30:13","date_gmt":"2023-05-01T09:30:13","guid":{"rendered":"http:\/\/www.pasieki-koneckie24.pl\/?page_id=3787"},"modified":"2023-05-01T11:30:13","modified_gmt":"2023-05-01T09:30:13","slug":"konferencja-nowoczesna-gospodarka-pasieczna-kierunkiem-przyszlosci","status":"publish","type":"page","link":"https:\/\/www.pasieki-koneckie24.pl\/?page_id=3787","title":{"rendered":"Konferencja &#8222;Nowoczesna gospodarka pasieczna kierunkiem przysz\u0142o\u015bci&#8221;."},"content":{"rendered":"\n<h5 class=\"wp-block-heading has-text-align-center\">Modliszewice &#8211; 1.04.2023<\/h5>\n\n\n\n<figure class=\"wp-block-gallery has-nested-images columns-2 is-cropped has-white-background-color has-background wp-block-gallery-1 is-layout-flex\">\n<figure class=\"wp-block-image\"><img decoding=\"async\" loading=\"lazy\" width=\"2048\" height=\"1536\" data-id=\"3775\"  src=\"https:\/\/www.pasieki-koneckie24.pl\/wp-content\/uploads\/2023\/05\/IMG_4434.jpg\" alt=\"\" class=\"wp-image-3775\" srcset=\"https:\/\/www.pasieki-koneckie24.pl\/wp-content\/uploads\/2023\/05\/IMG_4434.jpg 2048w, https:\/\/www.pasieki-koneckie24.pl\/wp-content\/uploads\/2023\/05\/IMG_4434-300x225.jpg 300w, https:\/\/www.pasieki-koneckie24.pl\/wp-content\/uploads\/2023\/05\/IMG_4434-1024x768.jpg 1024w, https:\/\/www.pasieki-koneckie24.pl\/wp-content\/uploads\/2023\/05\/IMG_4434-768x576.jpg 768w, https:\/\/www.pasieki-koneckie24.pl\/wp-content\/uploads\/2023\/05\/IMG_4434-1536x1152.jpg 1536w\" sizes=\"(max-width: 2048px) 100vw, 2048px\" \/><\/figure>\n\n\n\n<figure class=\"wp-block-image\"><img decoding=\"async\" loading=\"lazy\" width=\"2048\" height=\"1536\" data-id=\"3781\"  src=\"https:\/\/www.pasieki-koneckie24.pl\/wp-content\/uploads\/2023\/05\/IMG_4442.jpg\" alt=\"\" class=\"wp-image-3781\" srcset=\"https:\/\/www.pasieki-koneckie24.pl\/wp-content\/uploads\/2023\/05\/IMG_4442.jpg 2048w, https:\/\/www.pasieki-koneckie24.pl\/wp-content\/uploads\/2023\/05\/IMG_4442-300x225.jpg 300w, https:\/\/www.pasieki-koneckie24.pl\/wp-content\/uploads\/2023\/05\/IMG_4442-1024x768.jpg 1024w, https:\/\/www.pasieki-koneckie24.pl\/wp-content\/uploads\/2023\/05\/IMG_4442-768x576.jpg 768w, https:\/\/www.pasieki-koneckie24.pl\/wp-content\/uploads\/2023\/05\/IMG_4442-1536x1152.jpg 1536w\" sizes=\"(max-width: 2048px) 100vw, 2048px\" \/><\/figure>\n\n\n\n<figure class=\"wp-block-image\"><img decoding=\"async\" loading=\"lazy\" width=\"2048\" height=\"1536\" data-id=\"3780\"  src=\"https:\/\/www.pasieki-koneckie24.pl\/wp-content\/uploads\/2023\/05\/IMG_4441.jpg\" alt=\"\" class=\"wp-image-3780\" srcset=\"https:\/\/www.pasieki-koneckie24.pl\/wp-content\/uploads\/2023\/05\/IMG_4441.jpg 2048w, https:\/\/www.pasieki-koneckie24.pl\/wp-content\/uploads\/2023\/05\/IMG_4441-300x225.jpg 300w, https:\/\/www.pasieki-koneckie24.pl\/wp-content\/uploads\/2023\/05\/IMG_4441-1024x768.jpg 1024w, https:\/\/www.pasieki-koneckie24.pl\/wp-content\/uploads\/2023\/05\/IMG_4441-768x576.jpg 768w, https:\/\/www.pasieki-koneckie24.pl\/wp-content\/uploads\/2023\/05\/IMG_4441-1536x1152.jpg 1536w\" sizes=\"(max-width: 2048px) 100vw, 2048px\" \/><\/figure>\n\n\n\n<figure class=\"wp-block-image\"><img decoding=\"async\" loading=\"lazy\" width=\"2048\" height=\"1536\" data-id=\"3774\"  src=\"https:\/\/www.pasieki-koneckie24.pl\/wp-content\/uploads\/2023\/05\/IMG_4433.jpg\" alt=\"\" class=\"wp-image-3774\" srcset=\"https:\/\/www.pasieki-koneckie24.pl\/wp-content\/uploads\/2023\/05\/IMG_4433.jpg 2048w, https:\/\/www.pasieki-koneckie24.pl\/wp-content\/uploads\/2023\/05\/IMG_4433-300x225.jpg 300w, https:\/\/www.pasieki-koneckie24.pl\/wp-content\/uploads\/2023\/05\/IMG_4433-1024x768.jpg 1024w, https:\/\/www.pasieki-koneckie24.pl\/wp-content\/uploads\/2023\/05\/IMG_4433-768x576.jpg 768w, https:\/\/www.pasieki-koneckie24.pl\/wp-content\/uploads\/2023\/05\/IMG_4433-1536x1152.jpg 1536w\" sizes=\"(max-width: 2048px) 100vw, 2048px\" \/><\/figure>\n\n\n\n<figure class=\"wp-block-image\"><img decoding=\"async\" loading=\"lazy\" width=\"2048\" height=\"1536\" data-id=\"3778\"  src=\"https:\/\/www.pasieki-koneckie24.pl\/wp-content\/uploads\/2023\/05\/IMG_4437.jpg\" alt=\"\" class=\"wp-image-3778\" srcset=\"https:\/\/www.pasieki-koneckie24.pl\/wp-content\/uploads\/2023\/05\/IMG_4437.jpg 2048w, https:\/\/www.pasieki-koneckie24.pl\/wp-content\/uploads\/2023\/05\/IMG_4437-300x225.jpg 300w, https:\/\/www.pasieki-koneckie24.pl\/wp-content\/uploads\/2023\/05\/IMG_4437-1024x768.jpg 1024w, https:\/\/www.pasieki-koneckie24.pl\/wp-content\/uploads\/2023\/05\/IMG_4437-768x576.jpg 768w, https:\/\/www.pasieki-koneckie24.pl\/wp-content\/uploads\/2023\/05\/IMG_4437-1536x1152.jpg 1536w\" sizes=\"(max-width: 2048px) 100vw, 2048px\" \/><\/figure>\n\n\n\n<figure class=\"wp-block-image\"><img decoding=\"async\" loading=\"lazy\" width=\"2048\" height=\"1536\" data-id=\"3777\"  src=\"https:\/\/www.pasieki-koneckie24.pl\/wp-content\/uploads\/2023\/05\/IMG_4436.jpg\" alt=\"\" class=\"wp-image-3777\" srcset=\"https:\/\/www.pasieki-koneckie24.pl\/wp-content\/uploads\/2023\/05\/IMG_4436.jpg 2048w, https:\/\/www.pasieki-koneckie24.pl\/wp-content\/uploads\/2023\/05\/IMG_4436-300x225.jpg 300w, https:\/\/www.pasieki-koneckie24.pl\/wp-content\/uploads\/2023\/05\/IMG_4436-1024x768.jpg 1024w, https:\/\/www.pasieki-koneckie24.pl\/wp-content\/uploads\/2023\/05\/IMG_4436-768x576.jpg 768w, https:\/\/www.pasieki-koneckie24.pl\/wp-content\/uploads\/2023\/05\/IMG_4436-1536x1152.jpg 1536w\" sizes=\"(max-width: 2048px) 100vw, 2048px\" \/><\/figure>\n\n\n\n<figure class=\"wp-block-image\"><img decoding=\"async\" loading=\"lazy\" width=\"2048\" height=\"1536\" data-id=\"3776\"  src=\"https:\/\/www.pasieki-koneckie24.pl\/wp-content\/uploads\/2023\/05\/IMG_4435.jpg\" alt=\"\" class=\"wp-image-3776\" srcset=\"https:\/\/www.pasieki-koneckie24.pl\/wp-content\/uploads\/2023\/05\/IMG_4435.jpg 2048w, https:\/\/www.pasieki-koneckie24.pl\/wp-content\/uploads\/2023\/05\/IMG_4435-300x225.jpg 300w, https:\/\/www.pasieki-koneckie24.pl\/wp-content\/uploads\/2023\/05\/IMG_4435-1024x768.jpg 1024w, https:\/\/www.pasieki-koneckie24.pl\/wp-content\/uploads\/2023\/05\/IMG_4435-768x576.jpg 768w, https:\/\/www.pasieki-koneckie24.pl\/wp-content\/uploads\/2023\/05\/IMG_4435-1536x1152.jpg 1536w\" sizes=\"(max-width: 2048px) 100vw, 2048px\" \/><\/figure>\n<\/figure>\n\n\n\n<div class=\"wp-block-media-text alignwide is-stacked-on-mobile\"><figure class=\"wp-block-media-text__media\"><video controls src=\"https:\/\/www.pasieki-koneckie24.pl\/wp-content\/uploads\/2023\/05\/km_sodr_1.mp4\"><\/video><\/figure><div class=\"wp-block-media-text__content\">\n<p><a href=\"\/filmy\/konferencja_sodr_1.mp4\">Wyk\u0142ad do pobrania &#8211; cz. 1<\/a><\/p>\n<\/div><\/div>\n\n\n\n<div class=\"wp-block-media-text alignwide is-stacked-on-mobile\"><figure class=\"wp-block-media-text__media\"><video controls src=\"https:\/\/www.pasieki-koneckie24.pl\/wp-content\/uploads\/2023\/05\/km_sodr_2.mp4\"><\/video><\/figure><div class=\"wp-block-media-text__content\">\n<p><a href=\"\/filmy\/konferencja_sodr_2.mp4\">Wyk\u0142ad do pobrania &#8211; cz. 2<\/a><\/p>\n<\/div><\/div>\n\n\n\n<div class=\"wp-block-media-text alignwide is-stacked-on-mobile\"><figure class=\"wp-block-media-text__media\"><video controls src=\"https:\/\/www.pasieki-koneckie24.pl\/wp-content\/uploads\/2023\/05\/km_sodr_3.mp4\"><\/video><\/figure><div class=\"wp-block-media-text__content\">\n<p><a href=\"\/filmy\/konferencja_sodr_3.mp4\">Wyk\u0142ad do pobrania &#8211; cz. 3<\/a><\/p>\n<\/div><\/div>\n\n\n\n<div class=\"wp-block-media-text alignwide is-stacked-on-mobile\"><figure class=\"wp-block-media-text__media\"><video controls src=\"https:\/\/www.pasieki-koneckie24.pl\/wp-content\/uploads\/2023\/05\/km_sodr_4.mp4\"><\/video><\/figure><div class=\"wp-block-media-text__content\">\n<p><a href=\"\/filmy\/konferencja_sodr_4.mp4\">Wyk\u0142ad do pobrania &#8211; cz. 4<\/a><\/p>\n<\/div><\/div>\n","protected":false},"excerpt":{"rendered":"<p>Modliszewice &#8211; 1.04.2023 Wyk\u0142ad do pobrania &#8211; cz. 1 Wyk\u0142ad do pobrania &#8211; cz. 2 Wyk\u0142ad do pobrania &#8211; cz. 3 Wyk\u0142ad do pobrania &#8211; cz. 4<\/p>\n","protected":false},"author":1,"featured_media":3777,"parent":1511,"menu_order":0,"comment_status":"closed","ping_status":"closed","template":"","meta":[],"_links":{"self":[{"href":"https:\/\/www.pasieki-koneckie24.pl\/index.php?rest_route=\/wp\/v2\/pages\/3787"}],"collection":[{"href":"https:\/\/www.pasieki-koneckie24.pl\/index.php?rest_route=\/wp\/v2\/pages"}],"about":[{"href":"https:\/\/www.pasieki-koneckie24.pl\/index.php?rest_route=\/wp\/v2\/types\/page"}],"author":[{"embeddable":true,"href":"https:\/\/www.pasieki-koneckie24.pl\/index.php?rest_route=\/wp\/v2\/users\/1"}],"replies":[{"embeddable":true,"href":"https:\/\/www.pasieki-koneckie24.pl\/index.php?rest_route=%2Fwp%2Fv2%2Fcomments&post=3787"}],"version-history":[{"count":4,"href":"https:\/\/www.pasieki-koneckie24.pl\/index.php?rest_route=\/wp\/v2\/pages\/3787\/revisions"}],"predecessor-version":[{"id":3791,"href":"https:\/\/www.pasieki-koneckie24.pl\/index.php?rest_route=\/wp\/v2\/pages\/3787\/revisions\/3791"}],"up":[{"embeddable":true,"href":"https:\/\/www.pasieki-koneckie24.pl\/index.php?rest_route=\/wp\/v2\/pages\/1511"}],"wp:featuredmedia":[{"embeddable":true,"href":"https:\/\/www.pasieki-koneckie24.pl\/index.php?rest_route=\/wp\/v2\/media\/3777"}],"wp:attachment":[{"href":"https:\/\/www.pasieki-koneckie24.pl\/index.php?rest_route=%2Fwp%2Fv2%2Fmedia&parent=3787"}],"curies":[{"name":"wp","href":"https:\/\/api.w.org\/{rel}","templated":true}]}}