{"id":37,"date":"2015-09-22T09:31:44","date_gmt":"2015-09-22T07:31:44","guid":{"rendered":"http:\/\/www.pasieki-koneckie24.pl\/?page_id=37"},"modified":"2020-11-15T23:35:53","modified_gmt":"2020-11-15T22:35:53","slug":"kontakty","status":"publish","type":"page","link":"https:\/\/www.pasieki-koneckie24.pl\/?page_id=37","title":{"rendered":"Przydatne linki"},"content":{"rendered":"<p style=\"text-align: center;\"><img decoding=\"async\" loading=\"lazy\" class=\"alignnone size-medium wp-image-934\" src=\"https:\/\/www.pasieki-koneckie24.pl\/wp-content\/uploads\/2016\/10\/Pasieka-RKP-300x253.jpg\" alt=\"pasieka-rkp\" width=\"300\" height=\"253\" srcset=\"https:\/\/www.pasieki-koneckie24.pl\/wp-content\/uploads\/2016\/10\/Pasieka-RKP-300x253.jpg 300w, https:\/\/www.pasieki-koneckie24.pl\/wp-content\/uploads\/2016\/10\/Pasieka-RKP-768x648.jpg 768w, https:\/\/www.pasieki-koneckie24.pl\/wp-content\/uploads\/2016\/10\/Pasieka-RKP-1024x865.jpg 1024w, https:\/\/www.pasieki-koneckie24.pl\/wp-content\/uploads\/2016\/10\/Pasieka-RKP.jpg 1600w\" sizes=\"(max-width: 300px) 100vw, 300px\" \/><\/p>\n<hr \/>\n<p><span style=\"color: #008000;\"><a style=\"color: #008000;\" href=\"http:\/\/www.zwiazekpszczelarski.pl\/kielce\" target=\"_blank\" rel=\"noopener noreferrer\"><strong><em>\u015awi\u0119tokrzyski Zwi\u0105zek Pszczelarzy<\/em><\/strong><\/a><\/span><\/p>\n<hr \/>\n<p><span style=\"color: #008000;\"><a style=\"color: #008000;\" href=\"http:\/\/zwiazek-pszczelarski.pl\/\" target=\"_blank\" rel=\"noopener noreferrer\"><em><strong>Polski Zwi\u0105zek Pszczelarski<\/strong><\/em><\/a><\/span><\/p>\n<hr \/>\n<p><span style=\"color: #008000;\"><a style=\"color: #008000;\" href=\"https:\/\/www.greenpeace.org\/poland\/tag\/pszczoly\/\" target=\"_blank\" rel=\"noopener noreferrer\"><em><strong>GREENPEACE POLSKA<\/strong><\/em><\/a><\/span><\/p>\n<hr \/>\n<p><span style=\"color: #008000;\"><a style=\"color: #008000;\" href=\"http:\/\/lyson.com.pl\/\" target=\"_blank\" rel=\"noopener noreferrer\"><strong><em>Firma \u0141yso\u0144<\/em><\/strong><\/a><\/span><\/p>\n<hr \/>\n<p><span style=\"color: #008000;\"><a style=\"color: #008000;\" href=\"http:\/\/www.miesiecznik-pszczelarstwo.pl\/\" target=\"_blank\" rel=\"noopener noreferrer\"><em><strong>Miesi\u0119cznik Pszczelarstwo<\/strong><\/em><\/a><\/span><\/p>\n<hr \/>\n<p><span style=\"color: #008000;\"><a style=\"color: #008000;\" href=\"https:\/\/pasieka24.pl\/\" target=\"_blank\" rel=\"noopener noreferrer\"><em><strong>Pismo Pasieka<\/strong><\/em><\/a><\/span><\/p>\n<hr \/>\n<p><span style=\"color: #008000;\"><a style=\"color: #008000;\" href=\"http:\/\/www.sulkowski.com.pl\/\" target=\"_blank\" rel=\"noopener noreferrer\"><strong><em>Firma Su\u0142kowski<\/em><\/strong><\/a><\/span><\/p>\n<hr \/>\n<p><span style=\"color: #008000;\"><a style=\"color: #008000;\" href=\"http:\/\/mojapszczola.pl\/\" target=\"_blank\" rel=\"noopener noreferrer\"><strong><em>Mariusz Chachu\u0142a &#8211; Moja pszczo\u0142a<\/em><\/strong><\/a><\/span><\/p>\n<hr \/>\n<p><span style=\"color: #008000;\"><a style=\"color: #008000;\" href=\"http:\/\/www.pszczoly.pl\/\" target=\"_blank\" rel=\"noopener noreferrer\"><em><strong>Portal pszczelarski\u00a0 &#8211; pszczo\u0142y.pl<\/strong><\/em><\/a><\/span><\/p>\n<hr \/>\n<p><em><strong><span style=\"color: #008000;\"><a style=\"color: #008000;\" href=\"http:\/\/www.portalpszczelarski.pl\/\" target=\"_blank\" rel=\"noopener noreferrer\">Portal pszczelarski<\/a><\/span><\/strong><\/em><\/p>\n<hr \/>\n","protected":false},"excerpt":{"rendered":"<p>\u015awi\u0119tokrzyski Zwi\u0105zek Pszczelarzy Polski Zwi\u0105zek Pszczelarski GREENPEACE POLSKA Firma \u0141yso\u0144 Miesi\u0119cznik Pszczelarstwo Pismo Pasieka Firma Su\u0142kowski Mariusz Chachu\u0142a &#8211; Moja pszczo\u0142a Portal pszczelarski\u00a0 &#8211; pszczo\u0142y.pl Portal pszczelarski<\/p>\n","protected":false},"author":1,"featured_media":0,"parent":0,"menu_order":0,"comment_status":"closed","ping_status":"closed","template":"","meta":[],"_links":{"self":[{"href":"https:\/\/www.pasieki-koneckie24.pl\/index.php?rest_route=\/wp\/v2\/pages\/37"}],"collection":[{"href":"https:\/\/www.pasieki-koneckie24.pl\/index.php?rest_route=\/wp\/v2\/pages"}],"about":[{"href":"https:\/\/www.pasieki-koneckie24.pl\/index.php?rest_route=\/wp\/v2\/types\/page"}],"author":[{"embeddable":true,"href":"https:\/\/www.pasieki-koneckie24.pl\/index.php?rest_route=\/wp\/v2\/users\/1"}],"replies":[{"embeddable":true,"href":"https:\/\/www.pasieki-koneckie24.pl\/index.php?rest_route=%2Fwp%2Fv2%2Fcomments&post=37"}],"version-history":[{"count":53,"href":"https:\/\/www.pasieki-koneckie24.pl\/index.php?rest_route=\/wp\/v2\/pages\/37\/revisions"}],"predecessor-version":[{"id":2534,"href":"https:\/\/www.pasieki-koneckie24.pl\/index.php?rest_route=\/wp\/v2\/pages\/37\/revisions\/2534"}],"wp:attachment":[{"href":"https:\/\/www.pasieki-koneckie24.pl\/index.php?rest_route=%2Fwp%2Fv2%2Fmedia&parent=37"}],"curies":[{"name":"wp","href":"https:\/\/api.w.org\/{rel}","templated":true}]}}