{"id":2632,"date":"2021-02-27T21:15:13","date_gmt":"2021-02-27T20:15:13","guid":{"rendered":"http:\/\/www.pasieki-koneckie24.pl\/?page_id=2632"},"modified":"2021-02-27T22:19:37","modified_gmt":"2021-02-27T21:19:37","slug":"o-pylku","status":"publish","type":"page","link":"https:\/\/www.pasieki-koneckie24.pl\/?page_id=2632","title":{"rendered":"Py\u0142ek kwiatowy"},"content":{"rendered":"\n<h3 class=\"wp-block-heading\">Py\u0142ek kwiatowy<\/h3>\n\n\n\n<p>Py\u0142ek kwiatowy to lekko strawne bia\u0142ko ro\u015blinne-bogate \u017ar\u00f3d\u0142o aminokwas\u00f3w, mikroelement\u00f3w i witamin.<\/p>\n\n\n\n<p>Ogranicza i hamuje proces mia\u017cd\u017cycy. Wzmacnia odporno\u015b\u0107 organizmu. Wp\u0142ywa pozytywnie na sk\u0142ad krwi, normalizuje czynno\u015bci jelit, obni\u017ca cisnienie, dzia\u0142a lecznico na system nerwowy, reguluje przemian\u0119 materii, polecany przy zapaleniu gruczo\u0142u krokowego i anemi.<\/p>\n\n\n\n<p>Suszony py\u0142ek (1-2 \u0142y\u017ceczki)zala\u0107 ciep\u0142\u0105, przegotowan\u0105 wod\u0105 (1\/3szklanki) na kilkana\u015bcie minut a nast\u0119pnie wypi\u0107.<\/p>\n","protected":false},"excerpt":{"rendered":"<p>Py\u0142ek kwiatowy Py\u0142ek kwiatowy to lekko strawne bia\u0142ko ro\u015blinne-bogate \u017ar\u00f3d\u0142o aminokwas\u00f3w, mikroelement\u00f3w i witamin. Ogranicza i hamuje proces mia\u017cd\u017cycy. Wzmacnia odporno\u015b\u0107 organizmu. Wp\u0142ywa pozytywnie na sk\u0142ad krwi, normalizuje czynno\u015bci jelit, obni\u017ca cisnienie, dzia\u0142a lecznico na system nerwowy, reguluje przemian\u0119 materii, polecany przy zapaleniu gruczo\u0142u krokowego i anemi. Suszony py\u0142ek (1-2 \u0142y\u017ceczki)zala\u0107 ciep\u0142\u0105, przegotowan\u0105 wod\u0105 (1\/3szklanki) &hellip; <a href=\"https:\/\/www.pasieki-koneckie24.pl\/?page_id=2632\" class=\"more-link\">Czytaj dalej <span class=\"screen-reader-text\">Py\u0142ek kwiatowy<\/span> <span class=\"meta-nav\">&rarr;<\/span><\/a><\/p>\n","protected":false},"author":1,"featured_media":2633,"parent":52,"menu_order":3,"comment_status":"closed","ping_status":"closed","template":"","meta":[],"_links":{"self":[{"href":"https:\/\/www.pasieki-koneckie24.pl\/index.php?rest_route=\/wp\/v2\/pages\/2632"}],"collection":[{"href":"https:\/\/www.pasieki-koneckie24.pl\/index.php?rest_route=\/wp\/v2\/pages"}],"about":[{"href":"https:\/\/www.pasieki-koneckie24.pl\/index.php?rest_route=\/wp\/v2\/types\/page"}],"author":[{"embeddable":true,"href":"https:\/\/www.pasieki-koneckie24.pl\/index.php?rest_route=\/wp\/v2\/users\/1"}],"replies":[{"embeddable":true,"href":"https:\/\/www.pasieki-koneckie24.pl\/index.php?rest_route=%2Fwp%2Fv2%2Fcomments&post=2632"}],"version-history":[{"count":4,"href":"https:\/\/www.pasieki-koneckie24.pl\/index.php?rest_route=\/wp\/v2\/pages\/2632\/revisions"}],"predecessor-version":[{"id":2660,"href":"https:\/\/www.pasieki-koneckie24.pl\/index.php?rest_route=\/wp\/v2\/pages\/2632\/revisions\/2660"}],"up":[{"embeddable":true,"href":"https:\/\/www.pasieki-koneckie24.pl\/index.php?rest_route=\/wp\/v2\/pages\/52"}],"wp:featuredmedia":[{"embeddable":true,"href":"https:\/\/www.pasieki-koneckie24.pl\/index.php?rest_route=\/wp\/v2\/media\/2633"}],"wp:attachment":[{"href":"https:\/\/www.pasieki-koneckie24.pl\/index.php?rest_route=%2Fwp%2Fv2%2Fmedia&parent=2632"}],"curies":[{"name":"wp","href":"https:\/\/api.w.org\/{rel}","templated":true}]}}