{"id":2626,"date":"2021-02-27T18:54:57","date_gmt":"2021-02-27T17:54:57","guid":{"rendered":"http:\/\/www.pasieki-koneckie24.pl\/?page_id=2626"},"modified":"2021-02-27T22:20:14","modified_gmt":"2021-02-27T21:20:14","slug":"o-miodach","status":"publish","type":"page","link":"https:\/\/www.pasieki-koneckie24.pl\/?page_id=2626","title":{"rendered":"Miody"},"content":{"rendered":"\n<h2 class=\"wp-block-heading\"><strong>Mi\u00f3d<\/strong><\/h2>\n\n\n\n<p><strong>Mi\u00f3d pszczeli<\/strong>&nbsp; jest naturalnym produktem wytwarzanym z nektaru kwiatowego lub spadzi. Soki nektaru lub spadzi s\u0105 zbierane przez pszczo\u0142y, nast\u0119pnie przerabiane w ulu i wzbogacane w substancje wytwarzane przez pszczo\u0142y&nbsp; (m.in.enzymy). Dzi\u0119ki pracy pszcz\u00f3\u0142 mi\u00f3d stopniowo dojrzewa i jest sk\u0142adany&nbsp; w zasklepionych plastrach pszczelich.<\/p>\n\n\n\n<p><strong>&nbsp; Dobry mi\u00f3d pszczeli wcze\u015bniej czy p\u00f3\u017aniej krystalizuje. <\/strong>Krystalizacja przebiega w miodach wiosennych szybko, bo ju\u017c w kilkana\u015bcie dni po miodobraniu. Przyczyn\u0105 tego jest zwi\u0119kszona zawarto\u015b\u0107 glukozy . D\u0142u\u017cej nie krystalizuj\u0105 miody z wi\u0119ksz\u0105 zawarto\u015bci\u0105 fruktozy, jak np. mi\u00f3d akacjowy.<\/p>\n\n\n\n<p><strong>&nbsp; Krystalizacja miodu nie zmienia jego warto\u015bci od\u017cywczo &#8211; leczniczych,&nbsp; lecz tylko konsystencj\u0119!<\/strong><\/p>\n\n\n\n<p>Mi\u00f3d krystalizuj\u0105c ja\u015bnieje, np. p\u0142ynna ciemna spad\u017a robi si\u0119 jasno-szaro-zielona. Mi\u00f3d skrystalizowany (krupiec)<\/p>\n\n\n\n<p>mo\u017cna doprowadzi\u0107 z powrotem do p\u0142ynno\u015bci (patoki), bez utraty jego cennych w\u0142a\u015bciwo\u015bci, wolno podgrzewaj\u0105c go do temperatury 42\u00baC.<\/p>\n\n\n\n<p><strong>Jak spo\u017cywa\u0107 mi\u00f3d? <\/strong>Najlepiej rano, na czczo i wieczorem, rozpuszczaj\u0105c wcze\u015bniej w ma\u0142ej ilo\u015bci letniej wody. Mo\u017cna do smaku doda\u0107 soku ze \u015bwie\u017co wyci\u015bni\u0119tej cytryny.<\/p>\n\n\n\n<p><strong>Dawkowanie: <\/strong>dzieci: do 16 lat -10\u00f740g, doro\u015bli- 40\u00f760 g. Powy\u017csze ilo\u015bci mo\u017cna za\u017cywa\u0107 jednorazowo lub w dw\u00f3ch dawkach.<\/p>\n\n\n\n<div class=\"wp-block-image\"><figure class=\"aligncenter\"><a href=\"https:\/\/www.pasieki-koneckie24.pl\/wp-content\/uploads\/2015\/09\/przepisy-miodowe.jpg\"><img decoding=\"async\" loading=\"lazy\" width=\"300\" height=\"212\" src=\"https:\/\/www.pasieki-koneckie24.pl\/wp-content\/uploads\/2015\/09\/przepisy-miodowe-300x212.jpg\" alt=\"przepisy miodowe\" class=\"wp-image-340\" srcset=\"https:\/\/www.pasieki-koneckie24.pl\/wp-content\/uploads\/2015\/09\/przepisy-miodowe-300x212.jpg 300w, https:\/\/www.pasieki-koneckie24.pl\/wp-content\/uploads\/2015\/09\/przepisy-miodowe-1024x724.jpg 1024w\" sizes=\"(max-width: 300px) 100vw, 300px\" \/><\/a><figcaption>przepisy miodowe(\u017ar\u00f3d\u0142o-Echo Dnia)<\/figcaption><\/figure><\/div>\n\n\n\n<h2 class=\"wp-block-heading\"><strong><em>MIODY<\/em><\/strong><\/h2>\n\n\n\n<ul><li><strong>mi\u00f3d akacjowy &#8211; <\/strong>stosowany w leczeniu nadkwasoty \u017co\u0142\u0105dka, zaburze\u0144 przewodu pokarmowego, uk\u0142adu trawiennego, odznacza si\u0119 nisk\u0105 aktywno\u015bci\u0105 antybiotyczn\u0105, pomocny w leczeniu wrzod\u00f3w \u017co\u0142\u0105dka, dwunastnicy, zapalenia b\u0142ony \u015bluzowej i stan\u00f3w kurczowych jelita cienkiego i grubego.<\/li><li><strong>mi\u00f3d gryczany &#8211; <\/strong>odznacza si\u0119 wysok\u0105 aktywno\u015bci\u0105 antybiotyczn\u0105, stosowany w leczeniu i prewencji schorze\u0144 uk\u0142adu kr\u0105\u017cenia, powodowanych przede wszystkim wyst\u0119powaniem mia\u017cd\u017cycy, eliminuje cukier jako wiod\u0105cy czynnik ryzyka wyst\u0105pienia stan\u00f3w mia\u017cd\u017cycowych, stosowany r\u00f3wnie\u017c w stanach os\u0142abienia pami\u0119ci, wzroku i s\u0142uchu oraz w schorzeniach w\u0105troby, wykazuj\u0105c dzia\u0142anie detoksykacyjne<br><\/li><\/ul>\n\n\n\n<div class=\"wp-block-image\"><figure class=\"aligncenter\"><a href=\"https:\/\/www.pasieki-koneckie24.pl\/wp-content\/uploads\/2015\/09\/pszczo\u0142a-na-gryce.jpg\"><img decoding=\"async\" loading=\"lazy\" width=\"173\" height=\"173\" src=\"https:\/\/www.pasieki-koneckie24.pl\/wp-content\/uploads\/2015\/09\/pszczo\u0142a-na-gryce-173x173.jpg\" alt=\"pszczo\u0142a na gryce\" class=\"wp-image-278\"\/><\/a><figcaption><a href=\"http:\/\/mojapszczola.pl\/\">fot: http:\/\/mojapszczola.pl\/<\/a><\/figcaption><\/figure><\/div>\n\n\n\n<hr class=\"wp-block-separator\"\/>\n\n\n\n<p><strong>mi\u00f3d koniczynowy &#8211; <\/strong>wykazuje dzia\u0142anie wykrztu\u015bne, napotne, uspokajaj\u0105ce, moczop\u0119dne, przeciwzapalne; stosowany w zapaleniu oskrzeli i g\u00f3rnych dr\u00f3g oddechowych, niedokrwisto\u015bciach, biegunkach i wyczerpaniu nerwowym, anemii,<\/p>\n\n\n\n<div class=\"wp-block-image\"><figure class=\"aligncenter\"><a href=\"https:\/\/www.pasieki-koneckie24.pl\/wp-content\/uploads\/2015\/09\/100E3829.jpg\"><img decoding=\"async\" loading=\"lazy\" width=\"173\" height=\"173\" src=\"https:\/\/www.pasieki-koneckie24.pl\/wp-content\/uploads\/2015\/09\/100E3829-173x173.jpg\" alt=\"Pszczo\u0142a miodna na koniczynie bia\u0142ej. fot.AS\" class=\"wp-image-98\"\/><\/a><figcaption>fot.M.S<\/figcaption><\/figure><\/div>\n\n\n\n<hr class=\"wp-block-separator\"\/>\n\n\n\n<ul><li><strong>mi\u00f3d lipowy &#8211; <\/strong>wykazuje dzia\u0142anie napotne, przeciwgor\u0105czkowe, przeciwskurczowe, uspokajaj\u0105ce, wykrztu\u015bne, obni\u017caj\u0105ce ci\u015bnienie krwi; stosowany w ostrych i przewlek\u0142ych chorobach przezi\u0119bieniowych, anginach, zapaleniach zatok obocznych nosa, chorobach dr\u00f3g moczowych, nerwicach;odznacza si\u0119 wysok\u0105 aktywno\u015bci\u0105 antybiotyczn\u0105.<\/li><li><strong>mi\u00f3d malinowy-&nbsp;<\/strong>dzia\u0142a napotnie ,rozgrzewaj\u0105co, antyseptycznie, przeciwgor\u0105czkowo; jest lekiem przeciwko mia\u017cd\u017cycy; stosuje si\u0119 go w przezi\u0119bianiach , schorzeniach g\u00f3rnych dr\u00f3g oddechowych, nie\u017cycie \u017co\u0142\u0105dka, jelit, niedokrwisto\u015bci i prewencyjnie w mia\u017cd\u017cycy.<\/li><li><strong>mi\u00f3d mniszkowy &#8211; <\/strong>stosuje si\u0119 w chorobach w\u0105troby, dr\u00f3g \u017c\u00f3\u0142ciowych, chorobach reumatycznych, niedokrwisto\u015bci, schorzeniach \u017co\u0142\u0105dka oraz stanach wyczerpania psychicznego<br><strong>&nbsp;<\/strong><\/li><li><strong>mi\u00f3d rzepakowy-<\/strong> \u0142atwo przyswajalny przez w\u0105trob\u0119 zwi\u0119ksza jej mo\u017cliwo\u015bci detoksacyjne ; stosowany w mia\u017cd\u017cycy oraz chorobach w\u0105troby i dr\u00f3g \u017c\u00f3\u0142ciowych, tak\u017ce w stanach zapalnych g\u00f3rnych dr\u00f3g oddechowych; odznacza si\u0119 nisk\u0105 aktywno\u015bci\u0105 antybiotyczn\u0105; stosowany przy schorzeniach sk\u00f3ry; obni\u017ca ci\u015bnienie krwi, jest wch\u0142aniany ju\u017c w prze\u0142yku i wzmacnia mi\u0119sie\u0144 sercowy; u\u0142atwia gojenie si\u0119 ran i oparze\u0144.<br>&nbsp;<\/li><li><strong>mi\u00f3d wrzosowy &#8211; <\/strong>ma barw\u0119 od bursztynowej do ciemnobrunatnej. Jego charakterystyczn\u0105 cech\u0105 jest naturalna galaretowata konsystencja, kt\u00f3ra zanika po krystalizacji. Mi\u00f3d o bardzo silnym aromacie i smaku, rzadki i ceniony. Polecany w stanach zapalnych dr\u00f3g moczowych i gruczo\u0142u krokowego, kamicy nerkowej oraz zapaleniu jelit i biegunce.<\/li><li><strong>mi\u00f3d wielokwiatowy &#8211; <\/strong>ze wzgl\u0119du na \u0142agodny smak mi\u00f3d wielokwiatowy polecany jest szczeg\u00f3lnie dla dzieci. Mi\u00f3d pochodz\u0105cy z kwiat\u00f3w letnich ze wzgl\u0119du na silniejsze w\u0142a\u015bciwo\u015bci inhibinowe, znajduje przede wszystkim w zapobieganiu i leczeniu grypy i chor\u00f3b z przezi\u0119bienia, jak r\u00f3wnie\u017c chor\u00f3b dolnych dr\u00f3g oddechowych.<\/li><li><strong>mi\u00f3d spadziowy &#8211; <\/strong>to wspania\u0142y miodowy &#8222;antybiotyk&#8221;, dzia\u0142a przeciwzapalnie, antyseptycznie i wykrztu\u015bnie, zawiera&nbsp; cztery razy wi\u0119cej aktywnego biologicznie \u017celaza ni\u017c miody nektarowe, zwi\u0119ksza odporno\u015b\u0107 organizmu. Mi\u00f3d spadziowy&nbsp; szczeg\u00f3lnie polecany jest przy przezi\u0119bianiach i infekcjach g\u00f3rnych dr\u00f3g&nbsp; oddechowych .<\/li><\/ul>\n\n\n\n<p><strong>&nbsp;&nbsp;&nbsp;&nbsp;&nbsp;&nbsp;&nbsp;&nbsp; Aktywno\u015b\u0107 antybiotyczna krajowych miod\u00f3w odmianowych (materia\u0142 w pliku obok) <a href=\"https:\/\/www.pasieki-koneckie24.pl\/wp-content\/uploads\/2015\/09\/MIODY.doc\">MIODY<\/a><\/strong><\/p>\n\n\n\n<hr class=\"wp-block-separator\"\/>\n","protected":false},"excerpt":{"rendered":"<p>Mi\u00f3d Mi\u00f3d pszczeli&nbsp; jest naturalnym produktem wytwarzanym z nektaru kwiatowego lub spadzi. Soki nektaru lub spadzi s\u0105 zbierane przez pszczo\u0142y, nast\u0119pnie przerabiane w ulu i wzbogacane w substancje wytwarzane przez pszczo\u0142y&nbsp; (m.in.enzymy). Dzi\u0119ki pracy pszcz\u00f3\u0142 mi\u00f3d stopniowo dojrzewa i jest sk\u0142adany&nbsp; w zasklepionych plastrach pszczelich. &nbsp; Dobry mi\u00f3d pszczeli wcze\u015bniej czy p\u00f3\u017aniej krystalizuje. Krystalizacja przebiega &hellip; <a href=\"https:\/\/www.pasieki-koneckie24.pl\/?page_id=2626\" class=\"more-link\">Czytaj dalej <span class=\"screen-reader-text\">Miody<\/span> <span class=\"meta-nav\">&rarr;<\/span><\/a><\/p>\n","protected":false},"author":1,"featured_media":801,"parent":52,"menu_order":2,"comment_status":"closed","ping_status":"closed","template":"","meta":[],"_links":{"self":[{"href":"https:\/\/www.pasieki-koneckie24.pl\/index.php?rest_route=\/wp\/v2\/pages\/2626"}],"collection":[{"href":"https:\/\/www.pasieki-koneckie24.pl\/index.php?rest_route=\/wp\/v2\/pages"}],"about":[{"href":"https:\/\/www.pasieki-koneckie24.pl\/index.php?rest_route=\/wp\/v2\/types\/page"}],"author":[{"embeddable":true,"href":"https:\/\/www.pasieki-koneckie24.pl\/index.php?rest_route=\/wp\/v2\/users\/1"}],"replies":[{"embeddable":true,"href":"https:\/\/www.pasieki-koneckie24.pl\/index.php?rest_route=%2Fwp%2Fv2%2Fcomments&post=2626"}],"version-history":[{"count":5,"href":"https:\/\/www.pasieki-koneckie24.pl\/index.php?rest_route=\/wp\/v2\/pages\/2626\/revisions"}],"predecessor-version":[{"id":2661,"href":"https:\/\/www.pasieki-koneckie24.pl\/index.php?rest_route=\/wp\/v2\/pages\/2626\/revisions\/2661"}],"up":[{"embeddable":true,"href":"https:\/\/www.pasieki-koneckie24.pl\/index.php?rest_route=\/wp\/v2\/pages\/52"}],"wp:featuredmedia":[{"embeddable":true,"href":"https:\/\/www.pasieki-koneckie24.pl\/index.php?rest_route=\/wp\/v2\/media\/801"}],"wp:attachment":[{"href":"https:\/\/www.pasieki-koneckie24.pl\/index.php?rest_route=%2Fwp%2Fv2%2Fmedia&parent=2626"}],"curies":[{"name":"wp","href":"https:\/\/api.w.org\/{rel}","templated":true}]}}