{"id":2613,"date":"2021-02-27T18:01:52","date_gmt":"2021-02-27T17:01:52","guid":{"rendered":"http:\/\/www.pasieki-koneckie24.pl\/?page_id=2613"},"modified":"2021-02-27T18:07:03","modified_gmt":"2021-02-27T17:07:03","slug":"publikacje","status":"publish","type":"page","link":"https:\/\/www.pasieki-koneckie24.pl\/?page_id=2613","title":{"rendered":"Publikacje"},"content":{"rendered":"\n<hr class=\"wp-block-separator has-text-color has-background is-style-wide\" style=\"background-color:#1206fa;color:#1206fa\"\/>\n\n\n\n<h4 class=\"wp-block-heading\">&#8222;Prawo Rozwoju Rodziny Pszczelej&#8221; &#8211; Jerzy Tombacher.<\/h4>\n\n\n\n<h6 class=\"wp-block-heading\"><em>Kluczowe czynniki warunkuj\u0105ce rozw\u00f3j rodziny pszczelich wiosn\u0105.&nbsp;<\/em><\/h6>\n\n\n\n<p>Bezp\u0142atny E-BOOK od wydawnictwa Pasieka.<\/p>\n\n\n\n<p><strong><a href=\"https:\/\/www.pasieki-koneckie24.pl\/wp-content\/uploads\/2021\/02\/PrawoRozowjuRodzinyPszczelej-Pasieka24.pdf\">PrawoRozowjuRodzinyPszczelej-Pasieka24 (kliknij aby otworzy\u0107).<\/a><\/strong><\/p>\n\n\n\n<hr class=\"wp-block-separator has-text-color has-background is-style-wide\" style=\"background-color:#050df3;color:#050df3\"\/>\n\n\n\n<h3 class=\"wp-block-heading\">&nbsp;&#8222;<em>PSZCZO\u0141Y TE\u017b CHORUJ\u0104&#8221; <\/em><strong>rozdzia\u0142 z<\/strong> <em>WIELKIEGO PORADNIKA PSZCZELARSKIEGO <\/em><strong>S\u0142awomira Trzybi\u0144skiego, <\/strong>dotycz\u0105cy<strong> chor\u00f3b i szkodnik\u00f3w na jakie nara\u017cone s\u0105 pszczo\u0142y (link obok)&nbsp;&nbsp;&nbsp; <a href=\"https:\/\/pasieka24.pl\/index.php\/biblioteczka-pszczelarza-z-pasja-ksiazki-pasieki\/148-k129-wielki-poradnik-pasieczny\/1546-14-pszczoly-tez-choruja\" target=\"_blank\" rel=\"noreferrer noopener\">OTW\u00d3RZ<\/a><\/strong><\/h3>\n\n\n\n<hr class=\"wp-block-separator has-text-color has-background is-style-wide\" style=\"background-color:#1c03f6;color:#1c03f6\"\/>\n\n\n\n<p><\/p>\n","protected":false},"excerpt":{"rendered":"<p>&#8222;Prawo Rozwoju Rodziny Pszczelej&#8221; &#8211; Jerzy Tombacher. Kluczowe czynniki warunkuj\u0105ce rozw\u00f3j rodziny pszczelich wiosn\u0105.&nbsp; Bezp\u0142atny E-BOOK od wydawnictwa Pasieka. PrawoRozowjuRodzinyPszczelej-Pasieka24 (kliknij aby otworzy\u0107). &nbsp;&#8222;PSZCZO\u0141Y TE\u017b CHORUJ\u0104&#8221; rozdzia\u0142 z WIELKIEGO PORADNIKA PSZCZELARSKIEGO S\u0142awomira Trzybi\u0144skiego, dotycz\u0105cy chor\u00f3b i szkodnik\u00f3w na jakie nara\u017cone s\u0105 pszczo\u0142y (link obok)&nbsp;&nbsp;&nbsp; OTW\u00d3RZ<\/p>\n","protected":false},"author":1,"featured_media":2611,"parent":52,"menu_order":1,"comment_status":"closed","ping_status":"closed","template":"","meta":[],"_links":{"self":[{"href":"https:\/\/www.pasieki-koneckie24.pl\/index.php?rest_route=\/wp\/v2\/pages\/2613"}],"collection":[{"href":"https:\/\/www.pasieki-koneckie24.pl\/index.php?rest_route=\/wp\/v2\/pages"}],"about":[{"href":"https:\/\/www.pasieki-koneckie24.pl\/index.php?rest_route=\/wp\/v2\/types\/page"}],"author":[{"embeddable":true,"href":"https:\/\/www.pasieki-koneckie24.pl\/index.php?rest_route=\/wp\/v2\/users\/1"}],"replies":[{"embeddable":true,"href":"https:\/\/www.pasieki-koneckie24.pl\/index.php?rest_route=%2Fwp%2Fv2%2Fcomments&post=2613"}],"version-history":[{"count":3,"href":"https:\/\/www.pasieki-koneckie24.pl\/index.php?rest_route=\/wp\/v2\/pages\/2613\/revisions"}],"predecessor-version":[{"id":2638,"href":"https:\/\/www.pasieki-koneckie24.pl\/index.php?rest_route=\/wp\/v2\/pages\/2613\/revisions\/2638"}],"up":[{"embeddable":true,"href":"https:\/\/www.pasieki-koneckie24.pl\/index.php?rest_route=\/wp\/v2\/pages\/52"}],"wp:featuredmedia":[{"embeddable":true,"href":"https:\/\/www.pasieki-koneckie24.pl\/index.php?rest_route=\/wp\/v2\/media\/2611"}],"wp:attachment":[{"href":"https:\/\/www.pasieki-koneckie24.pl\/index.php?rest_route=%2Fwp%2Fv2%2Fmedia&parent=2613"}],"curies":[{"name":"wp","href":"https:\/\/api.w.org\/{rel}","templated":true}]}}