{"id":2464,"date":"2020-09-27T10:47:47","date_gmt":"2020-09-27T08:47:47","guid":{"rendered":"http:\/\/www.pasieki-koneckie24.pl\/?page_id=2464"},"modified":"2020-09-27T10:53:04","modified_gmt":"2020-09-27T08:53:04","slug":"pasieka-pana-m-jarosa","status":"publish","type":"page","link":"https:\/\/www.pasieki-koneckie24.pl\/?page_id=2464","title":{"rendered":"Pasieka Pana M.Jarosa"},"content":{"rendered":"\n<h6 class=\"wp-block-heading\" style=\"text-align:center\">Wyjazd szkoleniowy po\u015bwi\u0119cony produkcji miod\u00f3w pitnych.<\/h6>\n\n\n\n<ul class=\"wp-block-gallery columns-3 is-cropped wp-block-gallery-1 is-layout-flex\"><li class=\"blocks-gallery-item\"><figure><a href=\"https:\/\/www.pasieki-koneckie24.pl\/?attachment_id=2466\"><img decoding=\"async\" loading=\"lazy\" width=\"1024\" height=\"768\" src=\"https:\/\/www.pasieki-koneckie24.pl\/wp-content\/uploads\/2020\/09\/IMG_3427-1024x768.jpg\" alt=\"\" data-id=\"2466\" data-link=\"https:\/\/www.pasieki-koneckie24.pl\/?attachment_id=2466\" class=\"wp-image-2466\" srcset=\"https:\/\/www.pasieki-koneckie24.pl\/wp-content\/uploads\/2020\/09\/IMG_3427-1024x768.jpg 1024w, https:\/\/www.pasieki-koneckie24.pl\/wp-content\/uploads\/2020\/09\/IMG_3427-300x225.jpg 300w, https:\/\/www.pasieki-koneckie24.pl\/wp-content\/uploads\/2020\/09\/IMG_3427-768x576.jpg 768w, https:\/\/www.pasieki-koneckie24.pl\/wp-content\/uploads\/2020\/09\/IMG_3427.jpg 2048w\" sizes=\"(max-width: 1024px) 100vw, 1024px\" \/><\/a><\/figure><\/li><li class=\"blocks-gallery-item\"><figure><a href=\"https:\/\/www.pasieki-koneckie24.pl\/?attachment_id=2467\"><img decoding=\"async\" loading=\"lazy\" width=\"1024\" height=\"768\" src=\"https:\/\/www.pasieki-koneckie24.pl\/wp-content\/uploads\/2020\/09\/IMG_3428-1024x768.jpg\" alt=\"\" data-id=\"2467\" data-link=\"https:\/\/www.pasieki-koneckie24.pl\/?attachment_id=2467\" class=\"wp-image-2467\" srcset=\"https:\/\/www.pasieki-koneckie24.pl\/wp-content\/uploads\/2020\/09\/IMG_3428-1024x768.jpg 1024w, https:\/\/www.pasieki-koneckie24.pl\/wp-content\/uploads\/2020\/09\/IMG_3428-300x225.jpg 300w, https:\/\/www.pasieki-koneckie24.pl\/wp-content\/uploads\/2020\/09\/IMG_3428-768x576.jpg 768w, https:\/\/www.pasieki-koneckie24.pl\/wp-content\/uploads\/2020\/09\/IMG_3428.jpg 2048w\" sizes=\"(max-width: 1024px) 100vw, 1024px\" \/><\/a><\/figure><\/li><li class=\"blocks-gallery-item\"><figure><a href=\"https:\/\/www.pasieki-koneckie24.pl\/?attachment_id=2468\"><img decoding=\"async\" loading=\"lazy\" width=\"1024\" height=\"768\" src=\"https:\/\/www.pasieki-koneckie24.pl\/wp-content\/uploads\/2020\/09\/IMG_3430-1024x768.jpg\" alt=\"\" data-id=\"2468\" data-link=\"https:\/\/www.pasieki-koneckie24.pl\/?attachment_id=2468\" class=\"wp-image-2468\" srcset=\"https:\/\/www.pasieki-koneckie24.pl\/wp-content\/uploads\/2020\/09\/IMG_3430-1024x768.jpg 1024w, https:\/\/www.pasieki-koneckie24.pl\/wp-content\/uploads\/2020\/09\/IMG_3430-300x225.jpg 300w, https:\/\/www.pasieki-koneckie24.pl\/wp-content\/uploads\/2020\/09\/IMG_3430-768x576.jpg 768w, https:\/\/www.pasieki-koneckie24.pl\/wp-content\/uploads\/2020\/09\/IMG_3430.jpg 2048w\" sizes=\"(max-width: 1024px) 100vw, 1024px\" \/><\/a><\/figure><\/li><li class=\"blocks-gallery-item\"><figure><a href=\"https:\/\/www.pasieki-koneckie24.pl\/?attachment_id=2469\"><img decoding=\"async\" loading=\"lazy\" width=\"1024\" height=\"768\" src=\"https:\/\/www.pasieki-koneckie24.pl\/wp-content\/uploads\/2020\/09\/IMG_3434-1024x768.jpg\" alt=\"\" data-id=\"2469\" data-link=\"https:\/\/www.pasieki-koneckie24.pl\/?attachment_id=2469\" class=\"wp-image-2469\" srcset=\"https:\/\/www.pasieki-koneckie24.pl\/wp-content\/uploads\/2020\/09\/IMG_3434-1024x768.jpg 1024w, https:\/\/www.pasieki-koneckie24.pl\/wp-content\/uploads\/2020\/09\/IMG_3434-300x225.jpg 300w, https:\/\/www.pasieki-koneckie24.pl\/wp-content\/uploads\/2020\/09\/IMG_3434-768x576.jpg 768w, https:\/\/www.pasieki-koneckie24.pl\/wp-content\/uploads\/2020\/09\/IMG_3434.jpg 2048w\" sizes=\"(max-width: 1024px) 100vw, 1024px\" \/><\/a><\/figure><\/li><li class=\"blocks-gallery-item\"><figure><a href=\"https:\/\/www.pasieki-koneckie24.pl\/?attachment_id=2470\"><img decoding=\"async\" loading=\"lazy\" width=\"1024\" height=\"768\" src=\"https:\/\/www.pasieki-koneckie24.pl\/wp-content\/uploads\/2020\/09\/IMG_3436-1024x768.jpg\" alt=\"\" data-id=\"2470\" data-link=\"https:\/\/www.pasieki-koneckie24.pl\/?attachment_id=2470\" class=\"wp-image-2470\" srcset=\"https:\/\/www.pasieki-koneckie24.pl\/wp-content\/uploads\/2020\/09\/IMG_3436-1024x768.jpg 1024w, https:\/\/www.pasieki-koneckie24.pl\/wp-content\/uploads\/2020\/09\/IMG_3436-300x225.jpg 300w, https:\/\/www.pasieki-koneckie24.pl\/wp-content\/uploads\/2020\/09\/IMG_3436-768x576.jpg 768w, https:\/\/www.pasieki-koneckie24.pl\/wp-content\/uploads\/2020\/09\/IMG_3436.jpg 2048w\" sizes=\"(max-width: 1024px) 100vw, 1024px\" \/><\/a><\/figure><\/li><li class=\"blocks-gallery-item\"><figure><a href=\"https:\/\/www.pasieki-koneckie24.pl\/?attachment_id=2471\"><img decoding=\"async\" loading=\"lazy\" width=\"1024\" height=\"768\" src=\"https:\/\/www.pasieki-koneckie24.pl\/wp-content\/uploads\/2020\/09\/IMG_3440-1024x768.jpg\" alt=\"\" data-id=\"2471\" data-link=\"https:\/\/www.pasieki-koneckie24.pl\/?attachment_id=2471\" class=\"wp-image-2471\" srcset=\"https:\/\/www.pasieki-koneckie24.pl\/wp-content\/uploads\/2020\/09\/IMG_3440-1024x768.jpg 1024w, https:\/\/www.pasieki-koneckie24.pl\/wp-content\/uploads\/2020\/09\/IMG_3440-300x225.jpg 300w, https:\/\/www.pasieki-koneckie24.pl\/wp-content\/uploads\/2020\/09\/IMG_3440-768x576.jpg 768w, https:\/\/www.pasieki-koneckie24.pl\/wp-content\/uploads\/2020\/09\/IMG_3440.jpg 2048w\" sizes=\"(max-width: 1024px) 100vw, 1024px\" \/><\/a><\/figure><\/li><li class=\"blocks-gallery-item\"><figure><a href=\"https:\/\/www.pasieki-koneckie24.pl\/?attachment_id=2472\"><img decoding=\"async\" loading=\"lazy\" width=\"1024\" height=\"768\" src=\"https:\/\/www.pasieki-koneckie24.pl\/wp-content\/uploads\/2020\/09\/IMG_3441-1024x768.jpg\" alt=\"\" data-id=\"2472\" data-link=\"https:\/\/www.pasieki-koneckie24.pl\/?attachment_id=2472\" class=\"wp-image-2472\" srcset=\"https:\/\/www.pasieki-koneckie24.pl\/wp-content\/uploads\/2020\/09\/IMG_3441-1024x768.jpg 1024w, https:\/\/www.pasieki-koneckie24.pl\/wp-content\/uploads\/2020\/09\/IMG_3441-300x225.jpg 300w, https:\/\/www.pasieki-koneckie24.pl\/wp-content\/uploads\/2020\/09\/IMG_3441-768x576.jpg 768w, https:\/\/www.pasieki-koneckie24.pl\/wp-content\/uploads\/2020\/09\/IMG_3441.jpg 2048w\" sizes=\"(max-width: 1024px) 100vw, 1024px\" \/><\/a><\/figure><\/li><li class=\"blocks-gallery-item\"><figure><a href=\"https:\/\/www.pasieki-koneckie24.pl\/?attachment_id=2473\"><img decoding=\"async\" loading=\"lazy\" width=\"1024\" height=\"768\" src=\"https:\/\/www.pasieki-koneckie24.pl\/wp-content\/uploads\/2020\/09\/IMG_3442-1024x768.jpg\" alt=\"\" data-id=\"2473\" data-link=\"https:\/\/www.pasieki-koneckie24.pl\/?attachment_id=2473\" class=\"wp-image-2473\" srcset=\"https:\/\/www.pasieki-koneckie24.pl\/wp-content\/uploads\/2020\/09\/IMG_3442-1024x768.jpg 1024w, https:\/\/www.pasieki-koneckie24.pl\/wp-content\/uploads\/2020\/09\/IMG_3442-300x225.jpg 300w, https:\/\/www.pasieki-koneckie24.pl\/wp-content\/uploads\/2020\/09\/IMG_3442-768x576.jpg 768w, https:\/\/www.pasieki-koneckie24.pl\/wp-content\/uploads\/2020\/09\/IMG_3442.jpg 2048w\" sizes=\"(max-width: 1024px) 100vw, 1024px\" \/><\/a><\/figure><\/li><li class=\"blocks-gallery-item\"><figure><a href=\"https:\/\/www.pasieki-koneckie24.pl\/?attachment_id=2474\"><img decoding=\"async\" loading=\"lazy\" width=\"1024\" height=\"768\" src=\"https:\/\/www.pasieki-koneckie24.pl\/wp-content\/uploads\/2020\/09\/IMG_3447-1-1024x768.jpg\" alt=\"\" data-id=\"2474\" data-link=\"https:\/\/www.pasieki-koneckie24.pl\/?attachment_id=2474\" class=\"wp-image-2474\" srcset=\"https:\/\/www.pasieki-koneckie24.pl\/wp-content\/uploads\/2020\/09\/IMG_3447-1-1024x768.jpg 1024w, https:\/\/www.pasieki-koneckie24.pl\/wp-content\/uploads\/2020\/09\/IMG_3447-1-300x225.jpg 300w, https:\/\/www.pasieki-koneckie24.pl\/wp-content\/uploads\/2020\/09\/IMG_3447-1-768x576.jpg 768w, https:\/\/www.pasieki-koneckie24.pl\/wp-content\/uploads\/2020\/09\/IMG_3447-1.jpg 2048w\" sizes=\"(max-width: 1024px) 100vw, 1024px\" \/><\/a><\/figure><\/li><li class=\"blocks-gallery-item\"><figure><a href=\"https:\/\/www.pasieki-koneckie24.pl\/?attachment_id=2475\"><img decoding=\"async\" loading=\"lazy\" width=\"1024\" height=\"768\" src=\"https:\/\/www.pasieki-koneckie24.pl\/wp-content\/uploads\/2020\/09\/IMG_3449-1-1024x768.jpg\" alt=\"\" data-id=\"2475\" data-link=\"https:\/\/www.pasieki-koneckie24.pl\/?attachment_id=2475\" class=\"wp-image-2475\" srcset=\"https:\/\/www.pasieki-koneckie24.pl\/wp-content\/uploads\/2020\/09\/IMG_3449-1-1024x768.jpg 1024w, https:\/\/www.pasieki-koneckie24.pl\/wp-content\/uploads\/2020\/09\/IMG_3449-1-300x225.jpg 300w, https:\/\/www.pasieki-koneckie24.pl\/wp-content\/uploads\/2020\/09\/IMG_3449-1-768x576.jpg 768w, https:\/\/www.pasieki-koneckie24.pl\/wp-content\/uploads\/2020\/09\/IMG_3449-1.jpg 2048w\" sizes=\"(max-width: 1024px) 100vw, 1024px\" \/><\/a><\/figure><\/li><li class=\"blocks-gallery-item\"><figure><a href=\"https:\/\/www.pasieki-koneckie24.pl\/?attachment_id=2476\"><img decoding=\"async\" loading=\"lazy\" width=\"1024\" height=\"768\" src=\"https:\/\/www.pasieki-koneckie24.pl\/wp-content\/uploads\/2020\/09\/IMG_3451-1024x768.jpg\" alt=\"\" data-id=\"2476\" data-link=\"https:\/\/www.pasieki-koneckie24.pl\/?attachment_id=2476\" class=\"wp-image-2476\" srcset=\"https:\/\/www.pasieki-koneckie24.pl\/wp-content\/uploads\/2020\/09\/IMG_3451-1024x768.jpg 1024w, https:\/\/www.pasieki-koneckie24.pl\/wp-content\/uploads\/2020\/09\/IMG_3451-300x225.jpg 300w, https:\/\/www.pasieki-koneckie24.pl\/wp-content\/uploads\/2020\/09\/IMG_3451-768x576.jpg 768w, https:\/\/www.pasieki-koneckie24.pl\/wp-content\/uploads\/2020\/09\/IMG_3451.jpg 2048w\" sizes=\"(max-width: 1024px) 100vw, 1024px\" \/><\/a><\/figure><\/li><li class=\"blocks-gallery-item\"><figure><a href=\"https:\/\/www.pasieki-koneckie24.pl\/?attachment_id=2477\"><img decoding=\"async\" loading=\"lazy\" width=\"1024\" height=\"768\" src=\"https:\/\/www.pasieki-koneckie24.pl\/wp-content\/uploads\/2020\/09\/IMG_3453-1-1024x768.jpg\" alt=\"\" data-id=\"2477\" data-link=\"https:\/\/www.pasieki-koneckie24.pl\/?attachment_id=2477\" class=\"wp-image-2477\" srcset=\"https:\/\/www.pasieki-koneckie24.pl\/wp-content\/uploads\/2020\/09\/IMG_3453-1-1024x768.jpg 1024w, https:\/\/www.pasieki-koneckie24.pl\/wp-content\/uploads\/2020\/09\/IMG_3453-1-300x225.jpg 300w, https:\/\/www.pasieki-koneckie24.pl\/wp-content\/uploads\/2020\/09\/IMG_3453-1-768x576.jpg 768w, https:\/\/www.pasieki-koneckie24.pl\/wp-content\/uploads\/2020\/09\/IMG_3453-1.jpg 2048w\" sizes=\"(max-width: 1024px) 100vw, 1024px\" \/><\/a><\/figure><\/li><li class=\"blocks-gallery-item\"><figure><a href=\"https:\/\/www.pasieki-koneckie24.pl\/?attachment_id=2479\"><img decoding=\"async\" loading=\"lazy\" width=\"1024\" height=\"768\" src=\"https:\/\/www.pasieki-koneckie24.pl\/wp-content\/uploads\/2020\/09\/IMG_3456-1024x768.jpg\" alt=\"\" data-id=\"2479\" data-link=\"https:\/\/www.pasieki-koneckie24.pl\/?attachment_id=2479\" class=\"wp-image-2479\" srcset=\"https:\/\/www.pasieki-koneckie24.pl\/wp-content\/uploads\/2020\/09\/IMG_3456-1024x768.jpg 1024w, https:\/\/www.pasieki-koneckie24.pl\/wp-content\/uploads\/2020\/09\/IMG_3456-300x225.jpg 300w, https:\/\/www.pasieki-koneckie24.pl\/wp-content\/uploads\/2020\/09\/IMG_3456-768x576.jpg 768w, https:\/\/www.pasieki-koneckie24.pl\/wp-content\/uploads\/2020\/09\/IMG_3456.jpg 2048w\" sizes=\"(max-width: 1024px) 100vw, 1024px\" \/><\/a><\/figure><\/li><li class=\"blocks-gallery-item\"><figure><a href=\"https:\/\/www.pasieki-koneckie24.pl\/?attachment_id=2480\"><img decoding=\"async\" loading=\"lazy\" width=\"1024\" height=\"768\" src=\"https:\/\/www.pasieki-koneckie24.pl\/wp-content\/uploads\/2020\/09\/IMG_3457-1-1024x768.jpg\" alt=\"\" data-id=\"2480\" data-link=\"https:\/\/www.pasieki-koneckie24.pl\/?attachment_id=2480\" class=\"wp-image-2480\" srcset=\"https:\/\/www.pasieki-koneckie24.pl\/wp-content\/uploads\/2020\/09\/IMG_3457-1-1024x768.jpg 1024w, https:\/\/www.pasieki-koneckie24.pl\/wp-content\/uploads\/2020\/09\/IMG_3457-1-300x225.jpg 300w, https:\/\/www.pasieki-koneckie24.pl\/wp-content\/uploads\/2020\/09\/IMG_3457-1-768x576.jpg 768w, https:\/\/www.pasieki-koneckie24.pl\/wp-content\/uploads\/2020\/09\/IMG_3457-1.jpg 2048w\" sizes=\"(max-width: 1024px) 100vw, 1024px\" \/><\/a><\/figure><\/li><li class=\"blocks-gallery-item\"><figure><a href=\"https:\/\/www.pasieki-koneckie24.pl\/?attachment_id=2481\"><img decoding=\"async\" loading=\"lazy\" width=\"1024\" height=\"768\" src=\"https:\/\/www.pasieki-koneckie24.pl\/wp-content\/uploads\/2020\/09\/IMG_3458-1024x768.jpg\" alt=\"\" data-id=\"2481\" data-link=\"https:\/\/www.pasieki-koneckie24.pl\/?attachment_id=2481\" class=\"wp-image-2481\" srcset=\"https:\/\/www.pasieki-koneckie24.pl\/wp-content\/uploads\/2020\/09\/IMG_3458-1024x768.jpg 1024w, https:\/\/www.pasieki-koneckie24.pl\/wp-content\/uploads\/2020\/09\/IMG_3458-300x225.jpg 300w, https:\/\/www.pasieki-koneckie24.pl\/wp-content\/uploads\/2020\/09\/IMG_3458-768x576.jpg 768w, https:\/\/www.pasieki-koneckie24.pl\/wp-content\/uploads\/2020\/09\/IMG_3458.jpg 2048w\" sizes=\"(max-width: 1024px) 100vw, 1024px\" \/><\/a><\/figure><\/li><li class=\"blocks-gallery-item\"><figure><a href=\"https:\/\/www.pasieki-koneckie24.pl\/?attachment_id=2482\"><img decoding=\"async\" loading=\"lazy\" width=\"1024\" height=\"768\" src=\"https:\/\/www.pasieki-koneckie24.pl\/wp-content\/uploads\/2020\/09\/IMG_3460-1024x768.jpg\" alt=\"\" data-id=\"2482\" data-link=\"https:\/\/www.pasieki-koneckie24.pl\/?attachment_id=2482\" class=\"wp-image-2482\" srcset=\"https:\/\/www.pasieki-koneckie24.pl\/wp-content\/uploads\/2020\/09\/IMG_3460-1024x768.jpg 1024w, https:\/\/www.pasieki-koneckie24.pl\/wp-content\/uploads\/2020\/09\/IMG_3460-300x225.jpg 300w, https:\/\/www.pasieki-koneckie24.pl\/wp-content\/uploads\/2020\/09\/IMG_3460-768x576.jpg 768w, https:\/\/www.pasieki-koneckie24.pl\/wp-content\/uploads\/2020\/09\/IMG_3460.jpg 2048w\" sizes=\"(max-width: 1024px) 100vw, 1024px\" \/><\/a><\/figure><\/li><li class=\"blocks-gallery-item\"><figure><a href=\"https:\/\/www.pasieki-koneckie24.pl\/?attachment_id=2483\"><img decoding=\"async\" loading=\"lazy\" width=\"1024\" height=\"768\" src=\"https:\/\/www.pasieki-koneckie24.pl\/wp-content\/uploads\/2020\/09\/IMG_3461-1024x768.jpg\" alt=\"\" data-id=\"2483\" data-link=\"https:\/\/www.pasieki-koneckie24.pl\/?attachment_id=2483\" class=\"wp-image-2483\" srcset=\"https:\/\/www.pasieki-koneckie24.pl\/wp-content\/uploads\/2020\/09\/IMG_3461-1024x768.jpg 1024w, https:\/\/www.pasieki-koneckie24.pl\/wp-content\/uploads\/2020\/09\/IMG_3461-300x225.jpg 300w, https:\/\/www.pasieki-koneckie24.pl\/wp-content\/uploads\/2020\/09\/IMG_3461-768x576.jpg 768w, https:\/\/www.pasieki-koneckie24.pl\/wp-content\/uploads\/2020\/09\/IMG_3461.jpg 2048w\" sizes=\"(max-width: 1024px) 100vw, 1024px\" \/><\/a><\/figure><\/li><li class=\"blocks-gallery-item\"><figure><a href=\"https:\/\/www.pasieki-koneckie24.pl\/?attachment_id=2484\"><img decoding=\"async\" loading=\"lazy\" width=\"1024\" height=\"768\" src=\"https:\/\/www.pasieki-koneckie24.pl\/wp-content\/uploads\/2020\/09\/IMG_3462-1-1024x768.jpg\" alt=\"\" data-id=\"2484\" data-link=\"https:\/\/www.pasieki-koneckie24.pl\/?attachment_id=2484\" class=\"wp-image-2484\" srcset=\"https:\/\/www.pasieki-koneckie24.pl\/wp-content\/uploads\/2020\/09\/IMG_3462-1-1024x768.jpg 1024w, https:\/\/www.pasieki-koneckie24.pl\/wp-content\/uploads\/2020\/09\/IMG_3462-1-300x225.jpg 300w, https:\/\/www.pasieki-koneckie24.pl\/wp-content\/uploads\/2020\/09\/IMG_3462-1-768x576.jpg 768w, https:\/\/www.pasieki-koneckie24.pl\/wp-content\/uploads\/2020\/09\/IMG_3462-1.jpg 2048w\" sizes=\"(max-width: 1024px) 100vw, 1024px\" \/><\/a><\/figure><\/li><li class=\"blocks-gallery-item\"><figure><a href=\"https:\/\/www.pasieki-koneckie24.pl\/?attachment_id=2486\"><img decoding=\"async\" loading=\"lazy\" width=\"1024\" height=\"768\" src=\"https:\/\/www.pasieki-koneckie24.pl\/wp-content\/uploads\/2020\/09\/IMG_3467-1024x768.jpg\" alt=\"\" data-id=\"2486\" data-link=\"https:\/\/www.pasieki-koneckie24.pl\/?attachment_id=2486\" class=\"wp-image-2486\" srcset=\"https:\/\/www.pasieki-koneckie24.pl\/wp-content\/uploads\/2020\/09\/IMG_3467-1024x768.jpg 1024w, https:\/\/www.pasieki-koneckie24.pl\/wp-content\/uploads\/2020\/09\/IMG_3467-300x225.jpg 300w, https:\/\/www.pasieki-koneckie24.pl\/wp-content\/uploads\/2020\/09\/IMG_3467-768x576.jpg 768w, https:\/\/www.pasieki-koneckie24.pl\/wp-content\/uploads\/2020\/09\/IMG_3467.jpg 2048w\" sizes=\"(max-width: 1024px) 100vw, 1024px\" \/><\/a><\/figure><\/li><li class=\"blocks-gallery-item\"><figure><a href=\"https:\/\/www.pasieki-koneckie24.pl\/?attachment_id=2487\"><img decoding=\"async\" loading=\"lazy\" width=\"1024\" height=\"768\" src=\"https:\/\/www.pasieki-koneckie24.pl\/wp-content\/uploads\/2020\/09\/IMG_3469-1024x768.jpg\" alt=\"\" data-id=\"2487\" data-link=\"https:\/\/www.pasieki-koneckie24.pl\/?attachment_id=2487\" class=\"wp-image-2487\" srcset=\"https:\/\/www.pasieki-koneckie24.pl\/wp-content\/uploads\/2020\/09\/IMG_3469-1024x768.jpg 1024w, https:\/\/www.pasieki-koneckie24.pl\/wp-content\/uploads\/2020\/09\/IMG_3469-300x225.jpg 300w, https:\/\/www.pasieki-koneckie24.pl\/wp-content\/uploads\/2020\/09\/IMG_3469-768x576.jpg 768w, https:\/\/www.pasieki-koneckie24.pl\/wp-content\/uploads\/2020\/09\/IMG_3469.jpg 2048w\" sizes=\"(max-width: 1024px) 100vw, 1024px\" \/><\/a><\/figure><\/li><li class=\"blocks-gallery-item\"><figure><a href=\"https:\/\/www.pasieki-koneckie24.pl\/?attachment_id=2489\"><img decoding=\"async\" loading=\"lazy\" width=\"1024\" height=\"768\" src=\"https:\/\/www.pasieki-koneckie24.pl\/wp-content\/uploads\/2020\/09\/IMG_3479-1024x768.jpg\" alt=\"\" data-id=\"2489\" data-link=\"https:\/\/www.pasieki-koneckie24.pl\/?attachment_id=2489\" class=\"wp-image-2489\" srcset=\"https:\/\/www.pasieki-koneckie24.pl\/wp-content\/uploads\/2020\/09\/IMG_3479-1024x768.jpg 1024w, https:\/\/www.pasieki-koneckie24.pl\/wp-content\/uploads\/2020\/09\/IMG_3479-300x225.jpg 300w, https:\/\/www.pasieki-koneckie24.pl\/wp-content\/uploads\/2020\/09\/IMG_3479-768x576.jpg 768w, https:\/\/www.pasieki-koneckie24.pl\/wp-content\/uploads\/2020\/09\/IMG_3479.jpg 2048w\" sizes=\"(max-width: 1024px) 100vw, 1024px\" \/><\/a><\/figure><\/li><li class=\"blocks-gallery-item\"><figure><a href=\"https:\/\/www.pasieki-koneckie24.pl\/?attachment_id=2490\"><img decoding=\"async\" loading=\"lazy\" width=\"1024\" height=\"768\" src=\"https:\/\/www.pasieki-koneckie24.pl\/wp-content\/uploads\/2020\/09\/IMG_3485-1024x768.jpg\" alt=\"\" data-id=\"2490\" data-link=\"https:\/\/www.pasieki-koneckie24.pl\/?attachment_id=2490\" class=\"wp-image-2490\" srcset=\"https:\/\/www.pasieki-koneckie24.pl\/wp-content\/uploads\/2020\/09\/IMG_3485-1024x768.jpg 1024w, https:\/\/www.pasieki-koneckie24.pl\/wp-content\/uploads\/2020\/09\/IMG_3485-300x225.jpg 300w, https:\/\/www.pasieki-koneckie24.pl\/wp-content\/uploads\/2020\/09\/IMG_3485-768x576.jpg 768w, https:\/\/www.pasieki-koneckie24.pl\/wp-content\/uploads\/2020\/09\/IMG_3485.jpg 2048w\" sizes=\"(max-width: 1024px) 100vw, 1024px\" \/><\/a><\/figure><\/li><li class=\"blocks-gallery-item\"><figure><a href=\"https:\/\/www.pasieki-koneckie24.pl\/?attachment_id=2491\"><img decoding=\"async\" loading=\"lazy\" width=\"1024\" height=\"768\" src=\"https:\/\/www.pasieki-koneckie24.pl\/wp-content\/uploads\/2020\/09\/IMG_3486-1024x768.jpg\" alt=\"\" data-id=\"2491\" data-link=\"https:\/\/www.pasieki-koneckie24.pl\/?attachment_id=2491\" class=\"wp-image-2491\" srcset=\"https:\/\/www.pasieki-koneckie24.pl\/wp-content\/uploads\/2020\/09\/IMG_3486-1024x768.jpg 1024w, https:\/\/www.pasieki-koneckie24.pl\/wp-content\/uploads\/2020\/09\/IMG_3486-300x225.jpg 300w, https:\/\/www.pasieki-koneckie24.pl\/wp-content\/uploads\/2020\/09\/IMG_3486-768x576.jpg 768w, https:\/\/www.pasieki-koneckie24.pl\/wp-content\/uploads\/2020\/09\/IMG_3486.jpg 2048w\" sizes=\"(max-width: 1024px) 100vw, 1024px\" \/><\/a><\/figure><\/li><li class=\"blocks-gallery-item\"><figure><a href=\"https:\/\/www.pasieki-koneckie24.pl\/?attachment_id=2492\"><img decoding=\"async\" loading=\"lazy\" width=\"1024\" height=\"768\" src=\"https:\/\/www.pasieki-koneckie24.pl\/wp-content\/uploads\/2020\/09\/IMG_3487-1024x768.jpg\" alt=\"\" data-id=\"2492\" data-link=\"https:\/\/www.pasieki-koneckie24.pl\/?attachment_id=2492\" class=\"wp-image-2492\" srcset=\"https:\/\/www.pasieki-koneckie24.pl\/wp-content\/uploads\/2020\/09\/IMG_3487-1024x768.jpg 1024w, https:\/\/www.pasieki-koneckie24.pl\/wp-content\/uploads\/2020\/09\/IMG_3487-300x225.jpg 300w, https:\/\/www.pasieki-koneckie24.pl\/wp-content\/uploads\/2020\/09\/IMG_3487-768x576.jpg 768w, https:\/\/www.pasieki-koneckie24.pl\/wp-content\/uploads\/2020\/09\/IMG_3487.jpg 2048w\" sizes=\"(max-width: 1024px) 100vw, 1024px\" \/><\/a><\/figure><\/li><li class=\"blocks-gallery-item\"><figure><a href=\"https:\/\/www.pasieki-koneckie24.pl\/?attachment_id=2493\"><img decoding=\"async\" loading=\"lazy\" width=\"1024\" height=\"768\" src=\"https:\/\/www.pasieki-koneckie24.pl\/wp-content\/uploads\/2020\/09\/IMG_3472-2-1024x768.jpg\" alt=\"\" data-id=\"2493\" data-link=\"https:\/\/www.pasieki-koneckie24.pl\/?attachment_id=2493\" class=\"wp-image-2493\" srcset=\"https:\/\/www.pasieki-koneckie24.pl\/wp-content\/uploads\/2020\/09\/IMG_3472-2-1024x768.jpg 1024w, https:\/\/www.pasieki-koneckie24.pl\/wp-content\/uploads\/2020\/09\/IMG_3472-2-300x225.jpg 300w, https:\/\/www.pasieki-koneckie24.pl\/wp-content\/uploads\/2020\/09\/IMG_3472-2-768x576.jpg 768w, https:\/\/www.pasieki-koneckie24.pl\/wp-content\/uploads\/2020\/09\/IMG_3472-2.jpg 2048w\" sizes=\"(max-width: 1024px) 100vw, 1024px\" \/><\/a><\/figure><\/li><\/ul>\n","protected":false},"excerpt":{"rendered":"<p>Wyjazd szkoleniowy po\u015bwi\u0119cony produkcji miod\u00f3w pitnych.<\/p>\n","protected":false},"author":1,"featured_media":0,"parent":1511,"menu_order":0,"comment_status":"closed","ping_status":"closed","template":"","meta":[],"_links":{"self":[{"href":"https:\/\/www.pasieki-koneckie24.pl\/index.php?rest_route=\/wp\/v2\/pages\/2464"}],"collection":[{"href":"https:\/\/www.pasieki-koneckie24.pl\/index.php?rest_route=\/wp\/v2\/pages"}],"about":[{"href":"https:\/\/www.pasieki-koneckie24.pl\/index.php?rest_route=\/wp\/v2\/types\/page"}],"author":[{"embeddable":true,"href":"https:\/\/www.pasieki-koneckie24.pl\/index.php?rest_route=\/wp\/v2\/users\/1"}],"replies":[{"embeddable":true,"href":"https:\/\/www.pasieki-koneckie24.pl\/index.php?rest_route=%2Fwp%2Fv2%2Fcomments&post=2464"}],"version-history":[{"count":2,"href":"https:\/\/www.pasieki-koneckie24.pl\/index.php?rest_route=\/wp\/v2\/pages\/2464\/revisions"}],"predecessor-version":[{"id":2497,"href":"https:\/\/www.pasieki-koneckie24.pl\/index.php?rest_route=\/wp\/v2\/pages\/2464\/revisions\/2497"}],"up":[{"embeddable":true,"href":"https:\/\/www.pasieki-koneckie24.pl\/index.php?rest_route=\/wp\/v2\/pages\/1511"}],"wp:attachment":[{"href":"https:\/\/www.pasieki-koneckie24.pl\/index.php?rest_route=%2Fwp%2Fv2%2Fmedia&parent=2464"}],"curies":[{"name":"wp","href":"https:\/\/api.w.org\/{rel}","templated":true}]}}