{"id":2223,"date":"2019-12-20T16:25:21","date_gmt":"2019-12-20T15:25:21","guid":{"rendered":"http:\/\/www.pasieki-koneckie24.pl\/?page_id=2223"},"modified":"2019-12-20T16:40:54","modified_gmt":"2019-12-20T15:40:54","slug":"slawomir-cichy","status":"publish","type":"page","link":"https:\/\/www.pasieki-koneckie24.pl\/?page_id=2223","title":{"rendered":"S\u0142awomir Cichy"},"content":{"rendered":"\n<div class=\"wp-block-media-text alignwide\" style=\"grid-template-columns:10% auto\"><figure class=\"wp-block-media-text__media\"><img decoding=\"async\" loading=\"lazy\" width=\"44\" height=\"44\" src=\"https:\/\/www.pasieki-koneckie24.pl\/wp-content\/uploads\/2019\/12\/p2.gif\" alt=\"\" class=\"wp-image-2213\"\/><\/figure><div class=\"wp-block-media-text__content\">\n<p style=\"text-align:left\"><strong>Formularz kontaktowy<\/strong><\/p>\n<\/div><\/div>\n\n\n<div role=\"form\" class=\"wpcf7\" id=\"wpcf7-f2210-o1\" lang=\"pl-PL\" dir=\"ltr\">\n<div class=\"screen-reader-response\"><p role=\"status\" aria-live=\"polite\" aria-atomic=\"true\"><\/p> <ul><\/ul><\/div>\n<form action=\"\/index.php?rest_route=%2Fwp%2Fv2%2Fpages%2F2223#wpcf7-f2210-o1\" method=\"post\" class=\"wpcf7-form init\" enctype=\"multipart\/form-data\" novalidate=\"novalidate\" data-status=\"init\">\n<div style=\"display: none;\">\n<input type=\"hidden\" name=\"_wpcf7\" value=\"2210\" \/>\n<input type=\"hidden\" name=\"_wpcf7_version\" value=\"5.5.6\" \/>\n<input type=\"hidden\" name=\"_wpcf7_locale\" value=\"pl_PL\" \/>\n<input type=\"hidden\" name=\"_wpcf7_unit_tag\" value=\"wpcf7-f2210-o1\" \/>\n<input type=\"hidden\" name=\"_wpcf7_container_post\" value=\"0\" \/>\n<input type=\"hidden\" name=\"_wpcf7_posted_data_hash\" value=\"\" \/>\n<\/div>\n<p><label> Imi\u0119 i nazwisko (wymagane)<br \/>\n    <span class=\"wpcf7-form-control-wrap your-name\"><input type=\"text\" name=\"your-name\" value=\"\" size=\"40\" class=\"wpcf7-form-control wpcf7-text wpcf7-validates-as-required\" aria-required=\"true\" aria-invalid=\"false\" \/><\/span> <\/label><\/p>\n<p><label> Adres email (wymagane)<br \/>\n    <span class=\"wpcf7-form-control-wrap your-email\"><input type=\"email\" name=\"your-email\" value=\"\" size=\"40\" class=\"wpcf7-form-control wpcf7-text wpcf7-email wpcf7-validates-as-required wpcf7-validates-as-email\" aria-required=\"true\" aria-invalid=\"false\" \/><\/span> <\/label><\/p>\n<p><label> Temat<br \/>\n    <span class=\"wpcf7-form-control-wrap your-subject\"><input type=\"text\" name=\"your-subject\" value=\"\" size=\"40\" class=\"wpcf7-form-control wpcf7-text\" aria-invalid=\"false\" \/><\/span> <\/label><\/p>\n<p><label> Tre\u015b\u0107 wiadomo\u015bci<br \/>\n    <span class=\"wpcf7-form-control-wrap your-message\"><textarea name=\"your-message\" cols=\"40\" rows=\"10\" class=\"wpcf7-form-control wpcf7-textarea\" aria-invalid=\"false\"><\/textarea><\/span> <\/label><\/p>\n<p><label> Za\u0142\u0105cznik max 10MB (jpg,jpeg,png,gif,pdf,doc,docx,ppt,pptx,odt,avi,ogg,m4a,mov,mp3,mp4,mpg,wav,wmv)<br \/>\n<span class=\"wpcf7-form-control-wrap file-320\"><input type=\"file\" name=\"file-320\" size=\"40\" class=\"wpcf7-form-control wpcf7-file\" accept=\".jpg,.jpeg,.png,.gif,.pdf,.doc,.docx,.ppt,.pptx,.odt,.avi,.ogg,.m4a,.mov,.mp3,.mp4,.mpg,.wav,.wmv\" aria-invalid=\"false\" \/><\/span> <\/label><\/p>\n<p><input type=\"submit\" value=\"Wy\u015blij\" class=\"wpcf7-form-control has-spinner wpcf7-submit\" \/><\/p>\n<div class=\"wpcf7-response-output\" aria-hidden=\"true\"><\/div><\/form><\/div>\n","protected":false},"excerpt":{"rendered":"<p>Formularz kontaktowy<\/p>\n","protected":false},"author":1,"featured_media":0,"parent":1786,"menu_order":0,"comment_status":"closed","ping_status":"closed","template":"","meta":[],"_links":{"self":[{"href":"https:\/\/www.pasieki-koneckie24.pl\/index.php?rest_route=\/wp\/v2\/pages\/2223"}],"collection":[{"href":"https:\/\/www.pasieki-koneckie24.pl\/index.php?rest_route=\/wp\/v2\/pages"}],"about":[{"href":"https:\/\/www.pasieki-koneckie24.pl\/index.php?rest_route=\/wp\/v2\/types\/page"}],"author":[{"embeddable":true,"href":"https:\/\/www.pasieki-koneckie24.pl\/index.php?rest_route=\/wp\/v2\/users\/1"}],"replies":[{"embeddable":true,"href":"https:\/\/www.pasieki-koneckie24.pl\/index.php?rest_route=%2Fwp%2Fv2%2Fcomments&post=2223"}],"version-history":[{"count":4,"href":"https:\/\/www.pasieki-koneckie24.pl\/index.php?rest_route=\/wp\/v2\/pages\/2223\/revisions"}],"predecessor-version":[{"id":2227,"href":"https:\/\/www.pasieki-koneckie24.pl\/index.php?rest_route=\/wp\/v2\/pages\/2223\/revisions\/2227"}],"up":[{"embeddable":true,"href":"https:\/\/www.pasieki-koneckie24.pl\/index.php?rest_route=\/wp\/v2\/pages\/1786"}],"wp:attachment":[{"href":"https:\/\/www.pasieki-koneckie24.pl\/index.php?rest_route=%2Fwp%2Fv2%2Fmedia&parent=2223"}],"curies":[{"name":"wp","href":"https:\/\/api.w.org\/{rel}","templated":true}]}}