{"id":1786,"date":"2019-09-18T00:15:27","date_gmt":"2019-09-17T22:15:27","guid":{"rendered":"http:\/\/www.pasieki-koneckie24.pl\/?page_id=1786"},"modified":"2025-03-11T23:46:12","modified_gmt":"2025-03-11T22:46:12","slug":"kontakt-z-nami","status":"publish","type":"page","link":"https:\/\/www.pasieki-koneckie24.pl\/?page_id=1786","title":{"rendered":"Kontakt z Nami"},"content":{"rendered":"<div class=\"wp-block-image\">\n<figure class=\"aligncenter is-resized\"><img decoding=\"async\" loading=\"lazy\" src=\"https:\/\/www.pasieki-koneckie24.pl\/wp-content\/uploads\/2019\/09\/telefon2.gif\" alt=\"\" class=\"wp-image-1782\" width=\"113\" height=\"109\"\/><\/figure><\/div>\n\n\n<div class=\"wp-block-media-text alignwide is-stacked-on-mobile\" style=\"grid-template-columns:27% auto\"><figure class=\"wp-block-media-text__media\"><img decoding=\"async\" loading=\"lazy\" width=\"794\" height=\"881\" src=\"https:\/\/www.pasieki-koneckie24.pl\/wp-content\/uploads\/2023\/03\/prezes.jpg\" alt=\"\" class=\"wp-image-3709 size-full\" srcset=\"https:\/\/www.pasieki-koneckie24.pl\/wp-content\/uploads\/2023\/03\/prezes.jpg 794w, https:\/\/www.pasieki-koneckie24.pl\/wp-content\/uploads\/2023\/03\/prezes-270x300.jpg 270w, https:\/\/www.pasieki-koneckie24.pl\/wp-content\/uploads\/2023\/03\/prezes-768x852.jpg 768w\" sizes=\"(max-width: 794px) 100vw, 794px\" \/><\/figure><div class=\"wp-block-media-text__content\">\n<p><strong>Prezes: S\u0142awomir Cichy<\/strong><\/p>\n\n\n\n<p class=\"has-text-color\" style=\"color:#f70606\">tel: 609 538 358<\/p>\n\n\n\n<p class=\"has-text-color\" style=\"color:#0619f6;font-size:13.7px\">e-mail: slawek.cichy@pasieki-koneckie24.pl<\/p>\n\n\n\n<p><a href=\"https:\/\/www.pasieki-koneckie24.pl\/?page_id=2223\">Formularz kontaktowy<\/a><\/p>\n<\/div><\/div>\n\n\n\n<hr class=\"wp-block-separator has-text-color has-alpha-channel-opacity has-background is-style-wide\" style=\"background-color:#d102f9;color:#d102f9\"\/>\n\n\n\n<div class=\"wp-block-media-text alignwide is-stacked-on-mobile\" style=\"grid-template-columns:27% auto\"><figure class=\"wp-block-media-text__media\"><img decoding=\"async\" loading=\"lazy\" width=\"771\" height=\"882\" src=\"https:\/\/www.pasieki-koneckie24.pl\/wp-content\/uploads\/2023\/03\/czlozarz1.jpg\" alt=\"\" class=\"wp-image-3713 size-full\" srcset=\"https:\/\/www.pasieki-koneckie24.pl\/wp-content\/uploads\/2023\/03\/czlozarz1.jpg 771w, https:\/\/www.pasieki-koneckie24.pl\/wp-content\/uploads\/2023\/03\/czlozarz1-262x300.jpg 262w, https:\/\/www.pasieki-koneckie24.pl\/wp-content\/uploads\/2023\/03\/czlozarz1-768x879.jpg 768w\" sizes=\"(max-width: 771px) 100vw, 771px\" \/><\/figure><div class=\"wp-block-media-text__content\">\n<p><strong>Zast\u0119pca Prezesa: Krzysztof Jakubowski<\/strong><\/p>\n\n\n\n<p class=\"has-text-color\" style=\"color:#f70606\">tel: 501 126 280<\/p>\n<\/div><\/div>\n\n\n\n<hr class=\"wp-block-separator has-text-color has-alpha-channel-opacity has-background is-style-wide\" style=\"background-color:#d102f9;color:#d102f9\"\/>\n\n\n\n<div class=\"wp-block-media-text alignwide is-stacked-on-mobile\" style=\"grid-template-columns:28% auto\"><figure class=\"wp-block-media-text__media\"><img decoding=\"async\" loading=\"lazy\" width=\"1024\" height=\"768\" src=\"https:\/\/www.pasieki-koneckie24.pl\/wp-content\/uploads\/2025\/03\/IMG_5565-1-1024x768.jpg\" alt=\"\" class=\"wp-image-5139 size-full\" srcset=\"https:\/\/www.pasieki-koneckie24.pl\/wp-content\/uploads\/2025\/03\/IMG_5565-1-1024x768.jpg 1024w, https:\/\/www.pasieki-koneckie24.pl\/wp-content\/uploads\/2025\/03\/IMG_5565-1-300x225.jpg 300w, https:\/\/www.pasieki-koneckie24.pl\/wp-content\/uploads\/2025\/03\/IMG_5565-1-768x576.jpg 768w, https:\/\/www.pasieki-koneckie24.pl\/wp-content\/uploads\/2025\/03\/IMG_5565-1.jpg 1427w\" sizes=\"(max-width: 1024px) 100vw, 1024px\" \/><\/figure><div class=\"wp-block-media-text__content\">\n<p><strong>Sekretarz: Krzysztof Witczak<\/strong><\/p>\n\n\n\n<p class=\"has-text-color\" style=\"color:#f70606\">tel: 695 927 960<\/p>\n\n\n\n<p class=\"has-text-color\" style=\"color:#0619f6;font-size:13.7px\">e-mail: krzyszt1_K1@wp.pl<\/p>\n\n\n\n<p><a href=\"https:\/\/www.pasieki-koneckie24.pl\/?page_id=5144\" data-type=\"page\" data-id=\"5144\">Formularz kontaktowy<\/a><\/p>\n<\/div><\/div>\n\n\n\n<hr class=\"wp-block-separator has-text-color has-alpha-channel-opacity has-background is-style-wide\" style=\"background-color:#d102f9;color:#d102f9\"\/>\n\n\n\n<div class=\"wp-block-media-text alignwide is-stacked-on-mobile\" style=\"grid-template-columns:27% auto\"><figure class=\"wp-block-media-text__media\"><img decoding=\"async\" loading=\"lazy\" width=\"912\" height=\"832\" src=\"https:\/\/www.pasieki-koneckie24.pl\/wp-content\/uploads\/2023\/03\/skarbnik.jpg\" alt=\"\" class=\"wp-image-3712 size-full\" srcset=\"https:\/\/www.pasieki-koneckie24.pl\/wp-content\/uploads\/2023\/03\/skarbnik.jpg 912w, https:\/\/www.pasieki-koneckie24.pl\/wp-content\/uploads\/2023\/03\/skarbnik-300x274.jpg 300w, https:\/\/www.pasieki-koneckie24.pl\/wp-content\/uploads\/2023\/03\/skarbnik-768x701.jpg 768w\" sizes=\"(max-width: 912px) 100vw, 912px\" \/><\/figure><div class=\"wp-block-media-text__content\">\n<p><strong>Skarbnik: Waldemar Janiszewski<\/strong><\/p>\n\n\n\n<p class=\"has-text-color\" style=\"color:#f70606\">tel: 511 084 666<\/p>\n<\/div><\/div>\n\n\n\n<hr class=\"wp-block-separator has-text-color has-alpha-channel-opacity has-background is-style-wide\" style=\"background-color:#d102f9;color:#d102f9\"\/>\n\n\n\n<div class=\"wp-block-media-text alignwide is-stacked-on-mobile\" style=\"grid-template-columns:27% auto\"><figure class=\"wp-block-media-text__media\"><img decoding=\"async\" loading=\"lazy\" width=\"684\" height=\"878\" src=\"https:\/\/www.pasieki-koneckie24.pl\/wp-content\/uploads\/2023\/03\/czlozarz2.jpg\" alt=\"\" class=\"wp-image-3714 size-full\" srcset=\"https:\/\/www.pasieki-koneckie24.pl\/wp-content\/uploads\/2023\/03\/czlozarz2.jpg 684w, https:\/\/www.pasieki-koneckie24.pl\/wp-content\/uploads\/2023\/03\/czlozarz2-234x300.jpg 234w\" sizes=\"(max-width: 684px) 100vw, 684px\" \/><\/figure><div class=\"wp-block-media-text__content\">\n<p><strong>Cz\u0142onek Zarz\u0105du: Roman M\u0142odzi\u0144ski<\/strong><\/p>\n\n\n\n<p class=\"has-text-color\" style=\"color:#f70606\">tel: 577 792 192<\/p>\n\n\n\n<p class=\"has-text-color\" style=\"color:#0619f6;font-size:13.7px\">e-mail: roman.mlodzinski@pasieki-koneckie24.pl<\/p>\n\n\n\n<p><a href=\"https:\/\/www.pasieki-koneckie24.pl\/?page_id=2218\">Formularz kontaktowy<\/a><\/p>\n<\/div><\/div>\n\n\n\n<hr class=\"wp-block-separator has-text-color has-alpha-channel-opacity has-background is-style-wide\" style=\"background-color:#8c02f4;color:#8c02f4\"\/>\n\n\n\n<div class=\"wp-block-media-text alignwide is-stacked-on-mobile\" style=\"grid-template-columns:27% auto\"><figure class=\"wp-block-media-text__media\"><img decoding=\"async\" loading=\"lazy\" width=\"989\" height=\"1024\" src=\"https:\/\/www.pasieki-koneckie24.pl\/wp-content\/uploads\/2025\/03\/cz2-989x1024.jpg\" alt=\"\" class=\"wp-image-5168 size-full\" srcset=\"https:\/\/www.pasieki-koneckie24.pl\/wp-content\/uploads\/2025\/03\/cz2-989x1024.jpg 989w, https:\/\/www.pasieki-koneckie24.pl\/wp-content\/uploads\/2025\/03\/cz2-290x300.jpg 290w, https:\/\/www.pasieki-koneckie24.pl\/wp-content\/uploads\/2025\/03\/cz2-768x795.jpg 768w, https:\/\/www.pasieki-koneckie24.pl\/wp-content\/uploads\/2025\/03\/cz2.jpg 1456w\" sizes=\"(max-width: 989px) 100vw, 989px\" \/><\/figure><div class=\"wp-block-media-text__content\">\n<p><strong>Cz\u0142onek Zarz\u0105du: Artur P\u0142oci\u0144ski<\/strong><\/p>\n\n\n\n<p class=\"has-text-color\" style=\"color:#f70606\">tel: 507 840 946<\/p>\n\n\n\n<p class=\"has-text-color\" style=\"color:#0619f6;font-size:13.7px\">e-mail: arturplocinski74@gmail.com<\/p>\n\n\n\n<p><a href=\"https:\/\/www.pasieki-koneckie24.pl\/?page_id=5171\" data-type=\"page\" data-id=\"5171\">Formularz kontaktowy<\/a><\/p>\n<\/div><\/div>\n\n\n\n<hr class=\"wp-block-separator has-text-color has-alpha-channel-opacity has-background is-style-wide\" style=\"background-color:#8c02f4;color:#8c02f4\"\/>\n\n\n\n<p style=\"text-align: center;\"><iframe loading=\"lazy\" style=\"border: 0;\" src=\"https:\/\/www.google.com\/maps\/embed?pb=!1m18!1m12!1m3!1d32492.2025311078!2d20.34114477189683!3d51.19766619225135!2m3!1f0!2f0!3f0!3m2!1i1024!2i768!4f13.1!3m3!1m2!1s0x4719c9d646cf3a0f%3A0xef341ff910899b9!2s%C5%9Awi%C4%99tokrzyski%20O%C5%9Brodek%20Doradztwa%20Rolniczego%20w%20Modliszewicach!5e0!3m2!1spl!2spl!4v1579010361890!5m2!1spl!2spl\" width=\"400\" height=\"200\" frameborder=\"0\" allowfullscreen=\"allowfullscreen\"><\/iframe>\u00a0<\/p>\n","protected":false},"excerpt":{"rendered":"<p>Prezes: S\u0142awomir Cichy tel: 609 538 358 e-mail: slawek.cichy@pasieki-koneckie24.pl Formularz kontaktowy Zast\u0119pca Prezesa: Krzysztof Jakubowski tel: 501 126 280 Sekretarz: Krzysztof Witczak tel: 695 927 960 e-mail: krzyszt1_K1@wp.pl Formularz kontaktowy Skarbnik: Waldemar Janiszewski tel: 511 084 666 Cz\u0142onek Zarz\u0105du: Roman M\u0142odzi\u0144ski tel: 577 792 192 e-mail: roman.mlodzinski@pasieki-koneckie24.pl Formularz kontaktowy Cz\u0142onek Zarz\u0105du: Artur P\u0142oci\u0144ski tel: 507 &hellip; <a href=\"https:\/\/www.pasieki-koneckie24.pl\/?page_id=1786\" class=\"more-link\">Czytaj dalej <span class=\"screen-reader-text\">Kontakt z Nami<\/span> <span class=\"meta-nav\">&rarr;<\/span><\/a><\/p>\n","protected":false},"author":1,"featured_media":0,"parent":1780,"menu_order":0,"comment_status":"closed","ping_status":"closed","template":"","meta":[],"_links":{"self":[{"href":"https:\/\/www.pasieki-koneckie24.pl\/index.php?rest_route=\/wp\/v2\/pages\/1786"}],"collection":[{"href":"https:\/\/www.pasieki-koneckie24.pl\/index.php?rest_route=\/wp\/v2\/pages"}],"about":[{"href":"https:\/\/www.pasieki-koneckie24.pl\/index.php?rest_route=\/wp\/v2\/types\/page"}],"author":[{"embeddable":true,"href":"https:\/\/www.pasieki-koneckie24.pl\/index.php?rest_route=\/wp\/v2\/users\/1"}],"replies":[{"embeddable":true,"href":"https:\/\/www.pasieki-koneckie24.pl\/index.php?rest_route=%2Fwp%2Fv2%2Fcomments&post=1786"}],"version-history":[{"count":25,"href":"https:\/\/www.pasieki-koneckie24.pl\/index.php?rest_route=\/wp\/v2\/pages\/1786\/revisions"}],"predecessor-version":[{"id":5173,"href":"https:\/\/www.pasieki-koneckie24.pl\/index.php?rest_route=\/wp\/v2\/pages\/1786\/revisions\/5173"}],"up":[{"embeddable":true,"href":"https:\/\/www.pasieki-koneckie24.pl\/index.php?rest_route=\/wp\/v2\/pages\/1780"}],"wp:attachment":[{"href":"https:\/\/www.pasieki-koneckie24.pl\/index.php?rest_route=%2Fwp%2Fv2%2Fmedia&parent=1786"}],"curies":[{"name":"wp","href":"https:\/\/api.w.org\/{rel}","templated":true}]}}